{"id":142,"date":"2012-08-22T17:50:20","date_gmt":"2012-08-22T17:50:20","guid":{"rendered":"http:\/\/azqs.com\/amybinouze\/?page_id=142"},"modified":"2012-08-22T17:50:20","modified_gmt":"2012-08-22T17:50:20","slug":"bio","status":"publish","type":"page","link":"https:\/\/azqs.com\/amybinouze\/bio\/","title":{"rendered":"Bio"},"content":{"rendered":"<p><img loading=\"lazy\" decoding=\"async\" class=\"alignleft size-medium wp-image-164\" src=\"http:\/\/azqs.com\/amybinouze\/files\/2012\/08\/Amy_binouze_soir\u00e9e_appartement_NB-300x300.jpg\" alt=\"Photos Amy Binouze en soir\u00e9e en appartement photos NB\" width=\"300\" height=\"300\" \/><\/p>\n<p>Amy Binouze commence le mix en 2006 au sein du collectif Les Enfants de la Pluie, en empruntant les galettes hardcore et breakcore de ses copains, avant de d\u00e9velopper son style personnel. Apr\u00e8s quelques ann\u00e9es de fouilles virtuelles dans le patrimoine musical du d\u00e9but des annn\u00e9es 80, elle privil\u00e9gie \u00e0 pr\u00e9sent les variantes 80&rsquo;s post-punk (cold wave, synth pop), sans s&rsquo;enfermer dans un style particulier, rock&rsquo;n&rsquo;roll et perles \u00e9lectro sont \u00e9galement tr\u00e8s pr\u00e9sents dans ses dj sets.<\/p>\n<p>Elle aime \u00e9galement officier en duo avec G\u00e9n\u00e9ral C (Les morts se regardent) et 1979 (Tic &amp; Tac). Avec ces deux comp\u00e8res elle vient de lancer un \u00e9mission sur Radiocapsule, une web radio, intitul\u00e9e Le Coup du Lapin, en direct tous les 3i\u00e8mes vendredi du mois de 18h \u00e0 20h.<\/p>\n<p>A c\u00f4t\u00e9 de cela elle programme des concerts au sein des associations Assonance, Radical C\u00e2lin et LEDLP.<\/p>\n<p>contact pour booking : bloodymouss@gmail.com<\/p>\n<p>&nbsp;<\/p>\n","protected":false},"excerpt":{"rendered":"<p>Amy Binouze commence le mix en 2006 au sein du collectif Les Enfants de la Pluie, en empruntant les galettes hardcore et breakcore de ses copains, avant de d\u00e9velopper son style personnel. Apr\u00e8s quelques ann\u00e9es de fouilles virtuelles dans le &hellip; <a href=\"https:\/\/azqs.com\/amybinouze\/bio\/\">Continuer la lecture <span class=\"meta-nav\">&rarr;<\/span><\/a><\/p>\n","protected":false},"author":291,"featured_media":0,"parent":0,"menu_order":0,"comment_status":"closed","ping_status":"closed","template":"","meta":{"footnotes":""},"class_list":["post-142","page","type-page","status-publish","hentry"],"_links":{"self":[{"href":"https:\/\/azqs.com\/amybinouze\/wp-json\/wp\/v2\/pages\/142"}],"collection":[{"href":"https:\/\/azqs.com\/amybinouze\/wp-json\/wp\/v2\/pages"}],"about":[{"href":"https:\/\/azqs.com\/amybinouze\/wp-json\/wp\/v2\/types\/page"}],"author":[{"embeddable":true,"href":"https:\/\/azqs.com\/amybinouze\/wp-json\/wp\/v2\/users\/291"}],"replies":[{"embeddable":true,"href":"https:\/\/azqs.com\/amybinouze\/wp-json\/wp\/v2\/comments?post=142"}],"version-history":[{"count":0,"href":"https:\/\/azqs.com\/amybinouze\/wp-json\/wp\/v2\/pages\/142\/revisions"}],"wp:attachment":[{"href":"https:\/\/azqs.com\/amybinouze\/wp-json\/wp\/v2\/media?parent=142"}],"curies":[{"name":"wp","href":"https:\/\/api.w.org\/{rel}","templated":true}]}}