{"id":13,"date":"2017-05-24T15:46:41","date_gmt":"2017-05-24T13:46:41","guid":{"rendered":"http:\/\/azqs.com\/afastrasbourg\/?page_id=13"},"modified":"2022-11-08T15:53:01","modified_gmt":"2022-11-08T14:53:01","slug":"a-propos","status":"publish","type":"page","link":"https:\/\/azqs.com\/aim-strossburi\/a-propos\/","title":{"rendered":"A propos"},"content":{"rendered":"<p><img loading=\"lazy\" decoding=\"async\" class=\" wp-image-324 aligncenter\" src=\"http:\/\/azqs.com\/aim-strossburi\/files\/2018\/10\/logo-Strossburi.png\" alt=\"\" width=\"157\" height=\"143\" \/><\/p>\n<p style=\"text-align: center\">L\u2019<strong>AIM Strossburi<\/strong>, anciennement AFA, est une association cr\u00e9\u00e9e en 2013, bas\u00e9e \u00e0 Strasbourg. Nous organisons des concerts et autres \u00e9v\u00e9nements en privil\u00e9giant les lieux, les partenariats et les groupes issus du milieu <strong>DIY, antifa, f\u00e9ministe et anticapitaliste<\/strong>. Nous faisons des relais entre luttes locales et internationales, milieux alternatifs et \u00e9v\u00e9nements festifs. Nous restons ouvert.e.s \u00e0 tous types musicaux pour l&rsquo;organisation de concerts. Depuis l&rsquo;\u00e9t\u00e9 2018, nous avons rejoint le r\u00e9seau <em><strong>Alternative International Movement (AIM)<\/strong><\/em> en cr\u00e9ant ainsi la section strasbourgeoise de ce r\u00e9seau International.<br \/>\nL\u2019AIM Strossburi, par coh\u00e9rence avec ses engagements anti-capitalistes, d\u00e9fraye le trajet des groupes, leur fournit un repas, un peu de picole et la possibilit\u00e9 de dormir <span class=\"text_exposed_show\">sur place. Les b\u00e9n\u00e9fices de chaque soir\u00e9e sont r\u00e9partis \u00e9quitablement entre les groupes, le lieu et l\u2019association, sauf pour les soir\u00e9es de soutien o\u00f9 l&rsquo;int\u00e9gralit\u00e9 ,ou une partie, est revers\u00e9 \u00e0 la cause soutenue. N&rsquo;h\u00e9sitez pas \u00e0 nous contacter pour des prochains projets ou co-productions !<\/span><\/p>\n<hr \/>\n<p style=\"text-align: center\"><em>[Eng]<\/em><\/p>\n<p style=\"text-align: center\"><em>The AIM Strossburi is an association founded in 2013 and based in Strasbourg. We organise concerts, favouring bands with a DIY, anti-fascist and anti-capitalist background. Our aim is to serve as a link between local political groups and militant events.<\/em><br \/>\n<em> The AIM Strossburi, in an effort to comply with its anti-capitalist commitments, will refund each band\u2019s travel expenses. We also provide a meal and some beer, and the bands can sleep over. All benefits from the gig are shared fairly between the bands, the venue and the association.<\/em><\/p>\n<p style=\"text-align: center\"><strong><a href=\"mailto:aim-strossburi@riseup.net\">aim-strossburi@riseup.net<\/a><\/strong><\/p>\n<p style=\"text-align: center\"><strong><a href=\"https:\/\/www.facebook.com\/aim.strossburi\/\">https:\/\/www.facebook.com\/aim.strossburi\/<\/a><\/strong><\/p>\n","protected":false},"excerpt":{"rendered":"<p>L\u2019AIM Strossburi, anciennement AFA, est une association cr\u00e9\u00e9e en 2013, bas\u00e9e \u00e0 Strasbourg. Nous organisons des concerts et autres \u00e9v\u00e9nements en privil\u00e9giant les lieux, les partenariats et les groupes issus du milieu DIY, antifa, f\u00e9ministe et anticapitaliste. Nous faisons des &hellip; <a href=\"https:\/\/azqs.com\/aim-strossburi\/a-propos\/\">Continuer la lecture <span class=\"meta-nav\">&rarr;<\/span><\/a><\/p>\n","protected":false},"author":312,"featured_media":0,"parent":0,"menu_order":0,"comment_status":"closed","ping_status":"closed","template":"","meta":{"footnotes":""},"class_list":["post-13","page","type-page","status-publish","hentry"],"_links":{"self":[{"href":"https:\/\/azqs.com\/aim-strossburi\/wp-json\/wp\/v2\/pages\/13"}],"collection":[{"href":"https:\/\/azqs.com\/aim-strossburi\/wp-json\/wp\/v2\/pages"}],"about":[{"href":"https:\/\/azqs.com\/aim-strossburi\/wp-json\/wp\/v2\/types\/page"}],"author":[{"embeddable":true,"href":"https:\/\/azqs.com\/aim-strossburi\/wp-json\/wp\/v2\/users\/312"}],"replies":[{"embeddable":true,"href":"https:\/\/azqs.com\/aim-strossburi\/wp-json\/wp\/v2\/comments?post=13"}],"version-history":[{"count":4,"href":"https:\/\/azqs.com\/aim-strossburi\/wp-json\/wp\/v2\/pages\/13\/revisions"}],"predecessor-version":[{"id":872,"href":"https:\/\/azqs.com\/aim-strossburi\/wp-json\/wp\/v2\/pages\/13\/revisions\/872"}],"wp:attachment":[{"href":"https:\/\/azqs.com\/aim-strossburi\/wp-json\/wp\/v2\/media?parent=13"}],"curies":[{"name":"wp","href":"https:\/\/api.w.org\/{rel}","templated":true}]}}