{"id":104,"date":"2017-05-29T18:45:37","date_gmt":"2017-05-29T16:45:37","guid":{"rendered":"http:\/\/azqs.com\/afastrasbourg\/?page_id=104"},"modified":"2023-11-10T02:18:41","modified_gmt":"2023-11-10T01:18:41","slug":"liens","status":"publish","type":"page","link":"https:\/\/azqs.com\/aim-strossburi\/liens\/","title":{"rendered":"Liens"},"content":{"rendered":"<h3 style=\"text-align: center\"><span style=\"font-size: 14pt\"><strong>Les lieux qui nous permettent d&rsquo;exister :<\/strong><\/span><\/h3>\n<p style=\"text-align: center\">Centre Autonome Jeune <a href=\"http:\/\/www.molodoi.net\">Le Molodo\u00ef<\/a><\/p>\n<p style=\"text-align: center\"><a href=\"http:\/\/azqs.com\/lediamantdor\/\">Le Diamant d&rsquo;or<\/a><\/p>\n<p style=\"text-align: center\"><a href=\"http:\/\/www.juke-kehl.de\/\">Juke St. Nepomuk<\/a><\/p>\n<p style=\"text-align: center\"><a href=\"http:\/\/maison-mimir.com\/\">La Maison Mimir<\/a><\/p>\n<p style=\"text-align: center\"><span style=\"font-size: 14pt\"><strong>Associations et collectifs partenaires et ami.e.s :\u00a0<\/strong><\/span><\/p>\n<p style=\"text-align: center\">AIM &#8211; International<\/p>\n<p style=\"text-align: center\">Antipod<\/p>\n<p style=\"text-align: center\">CNT-STP67<\/p>\n<p style=\"text-align: center\">Collectif V\u00e9rit\u00e9 et Justice pour Hocine Bouras<\/p>\n<p style=\"text-align: center\">AFA SXB<\/p>\n<p style=\"text-align: center\">BRIF<\/p>\n<p style=\"text-align: center\">La Louveti\u00e8re<\/p>\n<p style=\"text-align: center\">Label Amor y Rabia<\/p>\n<p style=\"text-align: center\">Assembl\u00e9e F\u00e9ministe de Strasbourg<\/p>\n<p style=\"text-align: center\"><strong>Des sites \u00e0 consulter pour suivre l&rsquo;actualit\u00e9 des luttes locales ::<\/strong><\/p>\n<p style=\"text-align: center\"><a href=\"https:\/\/strasbourgfurieuse.demosphere.net\/\">https:\/\/strasbourgfurieuse.demosphere.net\/<\/a><\/p>\n<p style=\"text-align: center\"><a href=\"https:\/\/manif-est.info\/\">https:\/\/manif-est.info\/<\/a><\/p>\n<h3 style=\"text-align: center\"><strong><span style=\"font-size: 14pt\">Et les groupes musicaux avec qui on a partag\u00e9 de bons concerts :<\/span><\/strong><\/h3>\n<p style=\"text-align: center\"><em>( Pr\u00e9cision : Strossburi = Strasbourg (67)\/ Milh\u00fcsa = Mulhouse (68) )<\/em><\/p>\n<p><a href=\"https:\/\/www.facebook.com\/16katofficiel\/\" target=\"_blank\" rel=\"noopener noreferrer\">16 KAT<\/a>\u00a0 \/ Punk Rock de Strossburi<\/p>\n<p><a href=\"http:\/\/2dtension68.free.fr\/\">2dTension<\/a> \/ Punk de Colmar<\/p>\n<p><a href=\"https:\/\/www.facebook.com\/47RONINS\/\">47 Ronins<\/a> \/ Rap du 68<\/p>\n<p>L&rsquo;Accord De Raide \/ Rock festif de Saverne (67)<\/p>\n<p><a href=\"https:\/\/www.facebook.com\/actionsedition\/\">Action S\u00e9dition<\/a>\u00a0\/ Oi! Street Punk de Montr\u00e9al, Qu\u00e9bec<\/p>\n<p><a href=\"https:\/\/www.facebook.com\/actthefoolHC\/\" target=\"_blank\" rel=\"noopener noreferrer\">Act The Fool<\/a> \/ Hardcore Punk de Langenau<\/p>\n<p><a href=\"http:\/\/addenda.noblogs.org\/\">Addenda<\/a> \/ Ne-Fastcore de Barcelona (ES)<\/p>\n<p><a href=\"https:\/\/www.facebook.com\/irishAKAB\/\" target=\"_blank\" rel=\"noopener noreferrer\">AKAB<\/a> \/ Punk celtique de Strasbourg<\/p>\n<p><a href=\"https:\/\/alouattapunk.bandcamp.com\/\">Alouatta<\/a> \/ Crust Punk de K\u00f6ln (DE)<\/p>\n<p><a href=\"https:\/\/www.facebook.com\/austerosband\/\">Austeros<\/a> \/ Indie-punk deBristol (UK)<\/p>\n<p><a href=\"https:\/\/www.facebook.com\/bassticotico\/\" target=\"_blank\" rel=\"noopener noreferrer\">Basstico<\/a> \/ Punk techno de Nantes<\/p>\n<p><a href=\"http:\/\/blanketsband.bandcamp.com\/\">Blankets<\/a> \/ Sweet-Punk de M\u00fcnster (DE)<\/p>\n<p>Blue Tone Stompers \/ R\u2019N\u2019B Jama\u00efcain Rocksteady de Besan\u00e7on<\/p>\n<p><a href=\"https:\/\/www.facebook.com\/Bonheurs-inutiles-353266255009932\/\" target=\"_blank\" rel=\"noopener noreferrer\">Bonheurs inutiles<\/a> \/ Chants mongoles qui ne viens pas de Mongolie<\/p>\n<p><a href=\"http:\/\/brigadir.bandcamp.com\/\">Brigadir<\/a> \/Oi! de Petrograd (RU)<\/p>\n<p><a href=\"https:\/\/lesboycotteurs.bandcamp.com\/\">Les Boycotteurs<\/a> \/ Rock polymorphe de Strasbourg<\/p>\n<p>Call The Cops \/ Street Punk de Bologna, Italie<\/p>\n<p>Camomille \/ Cernay<\/p>\n<p>Les Capsules \/ Ska festif \u00e9nerv\u00e9 du 67<\/p>\n<p>Carmen Col\u00e8re \/ Electro-Punk de Nancy<\/p>\n<p><a href=\"https:\/\/www.facebook.com\/lacavaleofficiel\/\" target=\"_blank\" rel=\"noopener noreferrer\">La Cavale<\/a> \/ Punk Rock de Montr\u00e9al, Qu\u00e9bec<\/p>\n<p><a href=\"https:\/\/www.facebook.com\/Code4011\/\" target=\"_blank\" rel=\"noopener noreferrer\">Code 40-11<\/a> \/ Punk M\u00e9tal de Montr\u00e9al, Qu\u00e9bec<\/p>\n<p><a href=\"https:\/\/www.facebook.com\/LaConsignePunk\/\" target=\"_blank\" rel=\"noopener noreferrer\">La Consigne<\/a> \/Punk Rock de S\u00e9lestat<\/p>\n<p>Coeur Marmaille \/ Chanson engag\u00e9e<\/p>\n<p>Comtesse du Ghetto \/ Strossburi<\/p>\n<p>Contingent Anonyme \/ Street punk Reims<\/p>\n<p><a href=\"https:\/\/coupe-gorge.bandcamp.com\/\">Coupe-Gorge<\/a>\/ Punk Oi de Gen\u00e8ve, Suisse<\/p>\n<p>Crazy Pierrot \/ Crazy Punk de Strasbourg<\/p>\n<p><a href=\"https:\/\/www.facebook.com\/CRPpunk\/\">C.R.P.<\/a> \/ Punk Hardcore de Saverne<\/p>\n<p>Daman<\/p>\n<p><a href=\"https:\/\/www.davidvincentetsesmutants.com\/\">David Vincent<\/a> \/ Swing punk tralala de Nancy<\/p>\n<p><a href=\"https:\/\/www.facebook.com\/delikatesslive\/\" target=\"_blank\" rel=\"noopener noreferrer\">Delikatess<\/a> \/ Ethno tribe de Strossburi<\/p>\n<p><a href=\"https:\/\/www.facebook.com\/pageLDG\/\" target=\"_blank\" rel=\"noopener noreferrer\">LA DERNIERE GOUTTE<\/a> Rock Alternatif du Mans<\/p>\n<p><a href=\"https:\/\/lederniercalme.noblogs.org\/\">Le Dernier Calme<\/a> \/ Punk de Gen\u00e8ve (CH)<\/p>\n<p><a href=\"https:\/\/www.facebook.com\/DHK-1785523161665722\/\">DHK<\/a> \/ D-Beat Punk de Lima, Peru<\/p>\n<p>Digital Warfare \/ Ragga Drum\u2019nHop de Serbia<\/p>\n<p><a href=\"http:\/\/digou.bandcamp.com\/releases\">Digou<\/a> \/ DIY Punk Hardcore Powerviolence de Wuhan \/ Seoul \/ Space<\/p>\n<p><a href=\"https:\/\/www.facebook.com\/Discioner-1393068060805308\/\" target=\"_blank\" rel=\"noopener noreferrer\">Discioner<\/a> \/ Punk\u2019n\u2019rollzarbcore de l\u2019Ouest<\/p>\n<p><a href=\"https:\/\/www.facebook.com\/DitesJaiSoif\/\" target=\"_blank\" rel=\"noopener noreferrer\">Dj Soif<\/a> \/ DJ set : Bal, O\u00ef!, M\u00e9tal, Rap, Punk, Reggae de Saint-Imier (CH)<\/p>\n<p><a href=\"https:\/\/drinkingsquad.bandcamp.com\/\">Drinking Squad<\/a> \/ Oi! de Lahr (DE)<\/p>\n<p><a href=\"http:\/\/d.t.k.free.fr\/\">DTK<\/a> \/ Ska-punk de Saint-Di\u00e9<\/p>\n<p><a href=\"https:\/\/www.facebook.com\/dubamixofficiel\/\" target=\"_blank\" rel=\"noopener noreferrer\">Dubamix<\/a> \/Dub militant de Paname<\/p>\n<p><a href=\"http:\/\/echecetmalt.bandcamp.com\/\">Echec &amp; Malt<\/a> \/ Punk festif de Saverne<\/p>\n<p><a href=\"https:\/\/www.facebook.com\/enragedminority\/\" target=\"_blank\" rel=\"noopener noreferrer\">Enraged Minority<\/a> \/ Streetpunk de Freiburg (DE)<\/p>\n<p><a href=\"https:\/\/epicschmetterling.bandcamp.com\/\">Epic Schmertterling<\/a> \/ 8bit Electro-Punk de Strasbourg<\/p>\n<p><a href=\"https:\/\/www.facebook.com\/fatalbrutalscheissegal\/\">Fatal Brutal<\/a> \/ Punk Hardcore de Offenburg (DE)<\/p>\n<p><a href=\"\/\/\/home\/ubuntu\/AFA\/Site_internet\/liens.html\">Faute de Frappe<\/a> \/ Punk&rsquo;n&rsquo;Oi! de Geneve (CH)<\/p>\n<p><a href=\"https:\/\/www.facebook.com\/fckopunkrock\/\"><strong>First Class Knock Out<\/strong><\/a> \/ Streetpunkrock de Aschaffenburg (DE)<\/p>\n<p><a href=\"https:\/\/www.facebook.com\/fivefurets\/\">Five Furets<\/a><strong> \/ <\/strong>O\u00ef! Core de Annemasse<\/p>\n<p><a href=\"https:\/\/www.facebook.com\/lagachettepunkrock\/\">La Gachette<\/a> \/ Punk Rock Francophone de Montr\u00e9al, Qu\u00e9bec<\/p>\n<p>Gitan &amp; Belette \/ Sound system faisant partie des Auton&rsquo;home Esk1t\u00e9 de Guebwiller<\/p>\n<p><a href=\"http:\/\/groll.blogsport.de\/\">Groll<\/a> \/ Doom Black Crust de K\u00f6ln (DE)<\/p>\n<p><a href=\"https:\/\/www.facebook.com\/grosses.feignasses\/\">Les Grosses Feignasses<\/a> \/ Alternapunk Skacore progressif du 67<\/p>\n<p><a href=\"https:\/\/www.facebook.com\/GipsyMafia\/\" target=\"_blank\" rel=\"noopener noreferrer\">GIPSY MAFIA<\/a> \/ Hip-Hop Politik Rap de Zrenjanin, Serbia<\/p>\n<p><a href=\"https:\/\/www.facebook.com\/grosses.feignasses\/\">Les Grosses Feignasses<\/a> \/ Alternapunk Skardcore Progressif de Strasbourg<\/p>\n<p><a href=\"https:\/\/www.facebook.com\/Halynsky\/\">Halynsky<\/a>\u00a0\/ Dub \u2013 Electronique \u2013 Alternatif de Strasbourg<\/p>\n<p><a href=\"https:\/\/www.facebook.com\/Hedvig-695544950878434\/\" target=\"_blank\" rel=\"noopener noreferrer\">Hedvig<\/a> \/ Metal de Freiburg (DE)<\/p>\n<p><a href=\"https:\/\/heritagespunk.bandcamp.com\/\">H\u00e9ritages<\/a> \/ Punk-Hardcore de Mulhouse<\/p>\n<p><a href=\"\/\/\/home\/ubuntu\/AFA\/Site_internet\/liens.html\">High Haven<\/a> \/ Rock&rsquo;n&rsquo;Roll-Psych\u00e9 de Metz<\/p>\n<p><a href=\"http:\/\/www.mohicantunesrecords.com\/il-complesso.html\">Il Complesso<\/a> \/ Streetpunk de Caramagna (IT)<\/p>\n<p><a href=\"http:\/\/ironbastards.com\/\">Iron Bastards<\/a> \/ Fast Rock&rsquo;n&rsquo;Roll de Strasbourg<\/p>\n<p>Irracible<\/p>\n<p><a href=\"https:\/\/jacksonfight.bandcamp.com\/\">Jakson Fight<\/a> \/ Anarcho punk powerviolence de Le Mans<\/p>\n<p>Kadaz \/ Hip-hop de Strasbourg<\/p>\n<p><a href=\"https:\/\/kidsplaydead.bandcamp.com\/\">Kids Play Dead<\/a> \/ Punk de Freiburg (DE)<\/p>\n<p><a href=\"https:\/\/www.facebook.com\/klunkparis\/\" target=\"_blank\" rel=\"noopener noreferrer\">KLUNK<\/a> \/ Yiddish Punk M\u00e9tal de Paname<\/p>\n<p><a href=\"http:\/\/www.komptoirchaos.com\/\">Komptoir Chaos<\/a> \/ Punk de Vittel<\/p>\n<p><a href=\"http:\/\/www.kravboca.com\/\">Krav Boca<\/a> \/ Rap\/Punk\/M\u00e9tal de Tolosa\/Sparte<\/p>\n<p><strong>Los[K]soS \/ <\/strong>Ska Punk &amp; D\u00e9magogie \/ Saint-Etienne<\/p>\n<p><a href=\"https:\/\/soundcloud.com\/leuchtstoffmoehre\"><span class=\"_4n-j _3cht fsl\">Leuchtstoffm\u00f6hre<\/span><\/a> \/Ska Reggae Rock de Karlsruhe (DE)<\/p>\n<p><a href=\"https:\/\/www.facebook.com\/LProlo-977702132271990\/\">L\u2019Prolo<\/a> \/ Hip-Hop engag\u00e9 de Metz<\/p>\n<p>Ma\u00efs &amp; Sin\u00a0de chez\u00a0<a href=\"https:\/\/www.facebook.com\/antipodrecords\/\">Antipod Records<\/a> \/ Live Dub de Strasbourg<\/p>\n<p><a href=\"https:\/\/www.facebook.com\/mamasunsystem\/\">Mama Sun System<\/a> \/ Live dub band de Strasbourg<\/p>\n<p>Manon Bout&rsquo;femme \/ Strossburi<\/p>\n<p><a href=\"http:\/\/renverserlamarmite.blogspot.be\/\">La Marmite<\/a> \/ Electro-Punk de Belgique (BE)<\/p>\n<p>Marina P<\/p>\n<p>Mascarade \/Grrrenoble<\/p>\n<p>Mauditdragon<\/p>\n<p>Mc Pounz \/ Hip-Hop du groupe de <a href=\"https:\/\/www.youtube.com\/watch?v=Sov75MT9zDQ\">l\u2019Alerte Rouge<\/a> de Brest<\/p>\n<p><a href=\"https:\/\/www.facebook.com\/stuckinmentaldistress\/\" target=\"_blank\" rel=\"noopener noreferrer\">Mental Distress<\/a> \/ Punk Hardcore de Strossburi<\/p>\n<p>Messed Up \/ Grrrlz punk Belarus<\/p>\n<p><a href=\"http:\/\/www.mohicantunesrecords.com\/middle-finger.html\">Middle Finger<\/a> \/ Streetpunk de Alba (IT)<\/p>\n<p>Mon Dragon \/ Anarcopunk Sensible de Lyon<\/p>\n<p><a href=\"https:\/\/www.facebook.com\/Ndguepes\/\" target=\"_blank\" rel=\"noopener noreferrer\">NID D\u2019GU\u00caPES Posse<\/a> <strong>\/ <\/strong>Hip-Hop de Lorraine<\/p>\n<p><a href=\"http:\/\/www.nordpunk.de\/\">NO\u00b0RD<\/a> \/ Punk de M\u00fcnster &amp; Dortmund (DE)<\/p>\n<p><a href=\"http:\/\/nonofutur.free.fr\/\">Nono Futur<\/a> \/ Punk de Rouen<\/p>\n<p>NoWhiteRage \/ Sreet Punk de Bologna, Italia<\/p>\n<p><a href=\"https:\/\/www.facebook.com\/nineteentohell\/\" target=\"_blank\" rel=\"noopener noreferrer\">NTTH \u2013 Nine Teen To Hell<\/a>\u00a0\/ Rock Garage de Strossburi<\/p>\n<p><a href=\"https:\/\/www.facebook.com\/One-Burning-Match-494715767274551\/\">One Burning Match<\/a> \/ Hardcore Punk deClermont Ferrand<\/p>\n<p><a href=\"https:\/\/www.facebook.com\/octopoulpes\/home\">Octopoulpe<\/a> \/ projet solo Fast \/ Math \/ Punk \/ Hardcore \/ Garage \/ Kracke\u2019n roll de Seoul \/ Kichompr\u00e9<\/p>\n<p>Outrage! \/ Rock engag\u00e9 (ex Amerthune) de Mulhouse<\/p>\n<p><a href=\"https:\/\/pabojuskobar.bandcamp.com\/\">Pabojuskobar<\/a> \/ Punk de Strasbourg<\/p>\n<p><span class=\"_4n-j _3cht fsl\"><a id=\"js_1gv\" href=\"http:\/\/www.paddelnohnekanu.jimdo.com\/\">pADDELNoHNEkANU<\/a>\/ Punk-Rock de Baden-Baden &amp; B\u00fchl (DE)<br \/>\n<\/span><\/p>\n<p>La Paloma \/ chants r\u00e9volutionnaires espagnols de Strossburi<\/p>\n<p><a href=\"https:\/\/soundcloud.com\/perte-fracas\">Perte et Fracas<\/a> \/ Rock de Strasbourg<\/p>\n<p>Pespocken \/ Punk Germany<\/p>\n<p><a href=\"http:\/\/piedbouche.bandcamp.com\/\">Piedbouche<\/a> \/ Hardcore de Strasbourg<\/p>\n<p><a href=\"http:\/\/princeringard.eklablog.com\/actu-c25845270\">Prince Ringard<\/a> \/ Anarkofolk de Sp\u00e9zet<\/p>\n<p>Punkhaine Roll \/ Punk de Toulouse<\/p>\n<p><a href=\"https:\/\/soundcloud.com\/user-253147043\">Pur-Boeuf<\/a> \/ Punk de Grenoble<\/p>\n<p><a href=\"http:\/\/www.aredje.net\/biname\/\">Ren\u00e9 Binam\u00e9<\/a> \/ Anarcho-Electro-Punk de Belgique (BE)<\/p>\n<p><a href=\"https:\/\/fyourules.bandcamp.com\/\">Rules<\/a> \/ Hardcore Punk de Zagreb (CR)<\/p>\n<p><a href=\"https:\/\/www.facebook.com\/ryaamofficiel\/\">Ryaam<\/a> \/ Rapeuse de Paris<\/p>\n<p><a href=\"https:\/\/www.facebook.com\/ronstersofmock\/\">S.A.D<\/a><strong> \/ <\/strong>Old School Skate Punk de Lahr (DE)<\/p>\n<p><a href=\"https:\/\/soundcloud.com\/ghaw-627453351\">Samba L\u00e9k\u00fcy<\/a> \/ Punk-Rock de Strasbourg<\/p>\n<p>Sans-Ti\u00e8p<strong> \/ <\/strong>Rap engag\u00e9 de Lyon<\/p>\n<p><a href=\"https:\/\/www.facebook.com\/Sempliciment-Tat-Triq-146907222065431\/\">Sempliciment Tat \u2013 Triq<\/a> \/ Hip-Hop underground de Malte<\/p>\n<p><a href=\"https:\/\/www.facebook.com\/Aredje.Les.Slugs\/\" target=\"_blank\" rel=\"noopener noreferrer\">Les Slugs<\/a> \/ Punk Rock de Lambusart (BE)<\/p>\n<p><a href=\"https:\/\/www.facebook.com\/Sharp-Cut-147297669142658\/\" target=\"_blank\" rel=\"noopener noreferrer\">Sharp Cut<\/a> \/ Anarchist Oi! de Leipzig (DE)<\/p>\n<p>The Sheldons\/ Ska Punk du Haut-Rhin<\/p>\n<p><a href=\"http:\/\/www.shock-punk.tk\/\">Shock!<\/a> \/ Electr-Rap-Punk de Rennes<\/p>\n<p><a href=\"http:\/\/www.shootthedogs.com\/\">Shoot the Dogs<\/a> \/ Punk O\u00ef! de Saint-Etienne<\/p>\n<p>Sism\u00e8n Nartrach \/ Experimental Grindcore de SxB<\/p>\n<p><a href=\"http:\/\/skwattack.free.fr\/\">Skwattack<\/a> \/ Punk de Strasbourg<\/p>\n<p><a href=\"https:\/\/www.facebook.com\/snobcityboys\/\" target=\"_blank\" rel=\"noopener noreferrer\">Snob City Boys<\/a> \/ Oi! de Wiesbaden (DE)<\/p>\n<p><a href=\"http:\/\/www.strategiedepaix.fr\/\">Strat\u00e9gie de Paix<\/a> \/ Rap engag\u00e9 de Nancy<\/p>\n<p><a href=\"\/\/\/home\/ubuntu\/AFA\/Site_internet\/liens.html\">Social Enemies<\/a> \/ Punk de Leipzig (DE)<\/p>\n<p><a href=\"http:\/\/suitsidevsvedaplight.bandcamp.com\/\">Suit Side vs Veda Plight<\/a> \/ Anarcho Punk de Li\u00e8ge\/Dinant (BE)<\/p>\n<p><a href=\"https:\/\/www.facebook.com\/taboulaaraza\/\">Tabula Raza<\/a> \/ Punk de Paris<\/p>\n<p>Tados\/ Punk O\u00ef de Beziers<\/p>\n<p>Tatie Cody \/ Punk-Rock de Nancy<\/p>\n<p><a href=\"https:\/\/www.facebook.com\/theboringisaband\/\" target=\"_blank\" rel=\"noopener noreferrer\">The Boring<\/a> \/ Punk-Hardcore de Strossburi<\/p>\n<p><a href=\"https:\/\/www.facebook.com\/theclockmakersofficiel\/\">The Clockmakers<\/a>\u00a0\/ Rocksteady\u2019n\u2019Soul de Strasbourg<\/p>\n<p><a href=\"https:\/\/www.facebook.com\/theflouks\/\" target=\"_blank\" rel=\"noopener noreferrer\">The Flouk\u2019s<\/a> \/ Rock, Punk, Blues ! de SxB<\/p>\n<p><a href=\"http:\/\/half-dead-pigs.zic.fr\/\">The Half Dead Pigs<\/a> \/ Porc-Punk de Saint-Di\u00e9 des Vosges<\/p>\n<p><a href=\"https:\/\/soundcloud.com\/these-butchers-will-kill-you\">These Butchers Will Kill You<\/a> \/ Stoner Rock Alternatif de Strasbourg<\/p>\n<p><a href=\"https:\/\/www.facebook.com\/The-Spartanics-125261991402185\/\">The Spartanics<\/a> \/ Antifascist Streetpunk de Leipzig (DE)<\/p>\n<p><a href=\"https:\/\/thetruthbanda.wordpress.com\/\">The Truth<\/a> \/ Hardcore Punk de Kraljevo (SRB)<\/p>\n<p><a href=\"https:\/\/tulamort.bandcamp.com\/\">Tulamort<\/a> \/ Punk de Paris<\/p>\n<p><a href=\"http:\/\/lafermedesanimaux.free.fr\">Utopia?<\/a> \/ Folk Punk de Strossburi<\/p>\n<p><a href=\"http:\/\/www.vacheslaitieres.ch\/\">Les Vaches Laiti\u00e8res<\/a> \/ Punk alcoolis\u00e9 et ska houblonn\u00e9 de Gen\u00e8ve (CH)<\/p>\n<p><a href=\"https:\/\/www.facebook.com\/LES-VANDALES-723649717835747\/\" target=\"_blank\" rel=\"noopener noreferrer\">LES VANDALES<\/a> \/ Punk Hardcore de Milh\u00fcsa<\/p>\n<p>Verbalistik \/ Hip-Hop de la Creuse<\/p>\n<p><a href=\"http:\/\/collectiflavermine.free.fr\/\">La Vermine<\/a> \/ Anarkorap de Toulouse<\/p>\n<p><a href=\"https:\/\/www.facebook.com\/violentmisery\/\" target=\"_blank\" rel=\"noopener noreferrer\">Violent Misery<\/a> <strong>\/<\/strong>Grindcore \u2013 Death Metal de Stossburi<\/p>\n<p><a href=\"https:\/\/www.facebook.com\/werlypunk\/\">Werly<\/a> \/ Punk Crust Noise de Li\u00e8ge (BE)<\/p>\n<p><a href=\"http:\/\/www.zerotalent.fr\/\">Z\u00e9ro Talent<\/a> \/ Ska-Punk de Thann<\/p>\n<p><a href=\"https:\/\/www.facebook.com\/zradahc\/\" target=\"_blank\" rel=\"noopener noreferrer\">Zrada<\/a> \/ Hardcore-Punk de Kharkiv, Ukraine<\/p>\n","protected":false},"excerpt":{"rendered":"<p>Les lieux qui nous permettent d&rsquo;exister : Centre Autonome Jeune Le Molodo\u00ef Le Diamant d&rsquo;or Juke St. Nepomuk La Maison Mimir Associations et collectifs partenaires et ami.e.s :\u00a0 AIM &#8211; International Antipod CNT-STP67 Collectif V\u00e9rit\u00e9 et Justice pour Hocine Bouras &hellip; <a href=\"https:\/\/azqs.com\/aim-strossburi\/liens\/\">Continuer la lecture <span class=\"meta-nav\">&rarr;<\/span><\/a><\/p>\n","protected":false},"author":312,"featured_media":0,"parent":0,"menu_order":0,"comment_status":"closed","ping_status":"closed","template":"","meta":{"footnotes":""},"class_list":["post-104","page","type-page","status-publish","hentry"],"_links":{"self":[{"href":"https:\/\/azqs.com\/aim-strossburi\/wp-json\/wp\/v2\/pages\/104"}],"collection":[{"href":"https:\/\/azqs.com\/aim-strossburi\/wp-json\/wp\/v2\/pages"}],"about":[{"href":"https:\/\/azqs.com\/aim-strossburi\/wp-json\/wp\/v2\/types\/page"}],"author":[{"embeddable":true,"href":"https:\/\/azqs.com\/aim-strossburi\/wp-json\/wp\/v2\/users\/312"}],"replies":[{"embeddable":true,"href":"https:\/\/azqs.com\/aim-strossburi\/wp-json\/wp\/v2\/comments?post=104"}],"version-history":[{"count":4,"href":"https:\/\/azqs.com\/aim-strossburi\/wp-json\/wp\/v2\/pages\/104\/revisions"}],"predecessor-version":[{"id":1039,"href":"https:\/\/azqs.com\/aim-strossburi\/wp-json\/wp\/v2\/pages\/104\/revisions\/1039"}],"wp:attachment":[{"href":"https:\/\/azqs.com\/aim-strossburi\/wp-json\/wp\/v2\/media?parent=104"}],"curies":[{"name":"wp","href":"https:\/\/api.w.org\/{rel}","templated":true}]}}