{"id":76,"date":"2015-03-20T17:11:43","date_gmt":"2015-03-20T16:11:43","guid":{"rendered":"http:\/\/azqs.com\/adn\/?page_id=76"},"modified":"2016-07-28T20:06:47","modified_gmt":"2016-07-28T18:06:47","slug":"utilisation","status":"publish","type":"page","link":"https:\/\/azqs.com\/adn\/utilisation\/","title":{"rendered":"UTILISATION"},"content":{"rendered":"<h2><span style=\"color: #ee1746\"><strong>D\u00e9marches pour vous<\/strong><\/span><\/h2>\n<p style=\"text-align: justify\">1. Consultez l&rsquo;<span style=\"color: #ee1746\"><a style=\"color: #ee1746\" href=\"http:\/\/azqs.com\/adn\/agenda\/\" target=\"_blank\"><strong>AGENDA<\/strong> <\/a><\/span>de l&rsquo;ADN et v\u00e9rifiez sa disponibilit\u00e9 selon votre \u00e9v\u00e9nement.<\/p>\n<p style=\"text-align: justify\">2. <span style=\"color: #ee1746\"><strong><a style=\"color: #ee1746\" href=\"http:\/\/azqs.com\/adn\/contact\/\" target=\"_blank\">Contactez <\/a><\/strong><\/span>l&rsquo;ADN en pr\u00e9cisant le type de l&rsquo;\u00e9v\u00e9nement, la dur\u00e9e souhait\u00e9e de diffusion, l&rsquo;objet \u00e0 diffuser (concert, dj set, conf\u00e9rence, &#8230; et <span style=\"color: #ee1746\"><strong>surtout avec le plus de d\u00e9tails techniques<\/strong><\/span>).<\/p>\n<p style=\"text-align: justify\">3. L&rsquo;ADN confirmera sa pr\u00e9sence et viendra avec son dj\/pilote sur place !<\/p>\n<p style=\"text-align: justify\"><strong><span style=\"color: #ee1746\">Dans le cas o\u00f9 l&rsquo;ADN est appel\u00e9 \u00e0 diffuser en espace public, il est toujours pr\u00e9f\u00e9rable de demander une autorisation temporaire d&rsquo;occupation de l&rsquo;espace public !<\/span><\/strong><\/p>\n<p style=\"text-align: center\"><strong><span style=\"color: #ee1746\"><br \/>\n<\/span><\/strong><span style=\"color: #ee1746\"><a style=\"color: #ee1746\" href=\"http:\/\/www.strasbourg.eu\/ma-situation\/professionnel\/organiser-evenement\/organiser-evenement-strasbourg\/organiser-evenement-domaine-public\" target=\"_blank\"><em>Exemple \u00e0 Strasbourg<strong><br \/>\n<\/strong><\/em><\/a><\/span><\/p>\n<p>&nbsp;<\/p>\n<hr \/>\n<h2 style=\"text-align: left\"><span style=\"color: #ee1746\"><strong>Utilisation d\u00e9taill\u00e9e<\/strong><\/span><\/h2>\n<p style=\"text-align: justify\"><span style=\"color: #ee1746\"><strong>En phase de d\u00e9ambulation<\/strong><\/span><br \/>\nLe syst\u00e8me est pouss\u00e9 par son utilisateur qui se d\u00e9place \u00e0 pied dans la ville (\u00e0 l&rsquo;image du joueur de fl\u00fbte de Hamelin, il doit pouvoir d\u00e9ambuler dans la ville de mani\u00e8re ais\u00e9e) afin de rallier son point de diffusion.<\/p>\n\n\t\t<style type=\"text\/css\">\n\t\t\t#gallery-1 {\n\t\t\t\tmargin: auto;\n\t\t\t}\n\t\t\t#gallery-1 .gallery-item {\n\t\t\t\tfloat: left;\n\t\t\t\tmargin-top: 10px;\n\t\t\t\ttext-align: center;\n\t\t\t\twidth: 100%;\n\t\t\t}\n\t\t\t#gallery-1 img {\n\t\t\t\tborder: 2px solid #cfcfcf;\n\t\t\t}\n\t\t\t#gallery-1 .gallery-caption {\n\t\t\t\tmargin-left: 0;\n\t\t\t}\n\t\t\t\/* see gallery_shortcode() in wp-includes\/media.php *\/\n\t\t<\/style>\n\t\t<div id='gallery-1' class='gallery galleryid-76 gallery-columns-1 gallery-size-large'><dl class='gallery-item'>\n\t\t\t<dt class='gallery-icon portrait'>\n\t\t\t\t<a href='https:\/\/azqs.com\/adn\/files\/2015\/03\/SAM_0877.jpg'><img loading=\"lazy\" decoding=\"async\" width=\"625\" height=\"833\" src=\"https:\/\/azqs.com\/adn\/files\/2015\/03\/SAM_0877-768x1024.jpg\" class=\"attachment-large size-large\" alt=\"\" srcset=\"https:\/\/azqs.com\/adn\/files\/2015\/03\/SAM_0877-768x1024.jpg 768w, https:\/\/azqs.com\/adn\/files\/2015\/03\/SAM_0877-225x300.jpg 225w, https:\/\/azqs.com\/adn\/files\/2015\/03\/SAM_0877-624x832.jpg 624w\" sizes=\"(max-width: 625px) 100vw, 625px\" \/><\/a>\n\t\t\t<\/dt><\/dl><br style=\"clear: both\" \/>\n\t\t<\/div>\n\n<p style=\"text-align: justify\"><span style=\"color: #ee1746\"><strong><em><br \/>\nMontage de l&rsquo;ADN<\/em><\/strong><\/span><\/p>\n<p>&nbsp;<\/p>\n<div class=\"container-lazyload preview-lazyload container-youtube js-lazyload--not-loaded\"><a href=\"https:\/\/www.youtube.com\/watch?v=BZ85-Ububpk\" class=\"lazy-load-youtube preview-lazyload preview-youtube\" data-video-title=\"Montage ADN @ festival Exhibitronic, strasbourg Kehl, 09\/09\/2015\" title=\"Play video &quot;Montage ADN @ festival Exhibitronic, strasbourg Kehl, 09\/09\/2015&quot;\">https:\/\/www.youtube.com\/watch?v=BZ85-Ububpk<\/a><noscript>Video can&rsquo;t be loaded because JavaScript is disabled: <a href=\"https:\/\/www.youtube.com\/watch?v=BZ85-Ububpk\" title=\"Montage ADN @ festival Exhibitronic, strasbourg Kehl, 09\/09\/2015\">Montage ADN @ festival Exhibitronic, strasbourg Kehl, 09\/09\/2015 (https:\/\/www.youtube.com\/watch?v=BZ85-Ububpk)<\/a><\/noscript><\/div>\n<p style=\"text-align: justify\"><span style=\"color: #ee1746\"><strong><br \/>\nEn phase de diffusion<\/strong><\/span><br \/>\nLe syst\u00e8me est immobile et doit permettre la diffusion de la musique, du spectacle, d&rsquo;un micro, \u2026 Ces appareils \u00e9tant aliment\u00e9s \u00e9lectriquement, le sound-system se doit de poss\u00e9der son autonomie \u00e9nerg\u00e9tique. La <span style=\"color: #ee1746\"><strong>source solaire<\/strong><\/span> para\u00eet \u00eatre id\u00e9ale dans ce contexte car toujours disponible et surtout silencieuse \u00e0 contrario du groupe \u00e9lectrog\u00e8ne portable avec un moteur. Une <strong><span style=\"color: #ee1746\">source m\u00e9canique<\/span> <span style=\"color: #ee1746\">d\u00e9velopp\u00e9e par l&rsquo;effort musculaire<\/span><\/strong> d&rsquo;une personne p\u00e9dalant sur des <strong><span style=\"color: #ee1746\">g\u00e9n\u00e9ratrices v\u00e9lo<\/span><\/strong> b\u00e2ties comme un v\u00e9lo d&rsquo;appartement est \u00e9galement utilis\u00e9e. Ces g\u00e9n\u00e9ratrices baties construites gr\u00e2ce \u00e0 l&rsquo;exp\u00e9rience de longue date d&rsquo;<a href=\"http:\/\/www.electricpedals.com\/\" target=\"_blank\">Electric Pedals<\/a> permettront de limiter davantage la d\u00e9charge du syst\u00e8me. La source \u00e9nerg\u00e9tique ne pirate alors pas le message du sound-system et ne g\u00eane pas non plus \u00e9galement les riverains ou les spectateurs.<\/p>\n<p style=\"text-align: justify\">La configuration mobile de l&rsquo;ADN lui permet de se replier rapidement afin de gagner un autre lieu ou de rentrer tout simplement. Enfin, son adaptabilit\u00e9, son faible encombrement par rapport \u00e0 une sc\u00e8ne classique lui permet de sonoriser facilement et rapidement tout type de lieux en se limitant \u00e0 la puissance sonore d\u00e9livr\u00e9e par les enceintes d&rsquo;o\u00f9 la sonorisation d&rsquo;\u00e9v\u00e9nements plut\u00f4t dans le cadre convivial \u00e0 un nombre limit\u00e9 de personnes autour du dispositif et une port\u00e9e r\u00e9duite.<\/p>\n\n\t\t<style type=\"text\/css\">\n\t\t\t#gallery-2 {\n\t\t\t\tmargin: auto;\n\t\t\t}\n\t\t\t#gallery-2 .gallery-item {\n\t\t\t\tfloat: left;\n\t\t\t\tmargin-top: 10px;\n\t\t\t\ttext-align: center;\n\t\t\t\twidth: 100%;\n\t\t\t}\n\t\t\t#gallery-2 img {\n\t\t\t\tborder: 2px solid #cfcfcf;\n\t\t\t}\n\t\t\t#gallery-2 .gallery-caption {\n\t\t\t\tmargin-left: 0;\n\t\t\t}\n\t\t\t\/* see gallery_shortcode() in wp-includes\/media.php *\/\n\t\t<\/style>\n\t\t<div id='gallery-2' class='gallery galleryid-76 gallery-columns-1 gallery-size-large'><dl class='gallery-item'>\n\t\t\t<dt class='gallery-icon portrait'>\n\t\t\t\t<a href='https:\/\/azqs.com\/adn\/files\/2015\/03\/SAM_0859.jpg'><img loading=\"lazy\" decoding=\"async\" width=\"625\" height=\"833\" src=\"https:\/\/azqs.com\/adn\/files\/2015\/03\/SAM_0859-768x1024.jpg\" class=\"attachment-large size-large\" alt=\"\" srcset=\"https:\/\/azqs.com\/adn\/files\/2015\/03\/SAM_0859-768x1024.jpg 768w, https:\/\/azqs.com\/adn\/files\/2015\/03\/SAM_0859-225x300.jpg 225w, https:\/\/azqs.com\/adn\/files\/2015\/03\/SAM_0859-624x832.jpg 624w\" sizes=\"(max-width: 625px) 100vw, 625px\" \/><\/a>\n\t\t\t<\/dt><\/dl><br style=\"clear: both\" \/>\n\t\t<\/div>\n\n<p style=\"text-align: justify\"><span style=\"color: #ee1746\"><strong><br \/>\nD\u00e9montage de l&rsquo;ADN<\/strong><\/span><\/p>\n<p>&nbsp;<\/p>\n<div class=\"container-lazyload preview-lazyload container-youtube js-lazyload--not-loaded\"><a href=\"https:\/\/www.youtube.com\/watch?v=ekeSW-HPyys&#038;feature=youtu.be\" class=\"lazy-load-youtube preview-lazyload preview-youtube\" data-video-title=\"D\u00e9montage ADN @ Rentr\u00e9e SVU, Campus Universitaire, strasbourg, 08\/09\/2015\" title=\"Play video &quot;D\u00e9montage ADN @ Rentr\u00e9e SVU, Campus Universitaire, strasbourg, 08\/09\/2015&quot;\">https:\/\/www.youtube.com\/watch?v=ekeSW-HPyys&#038;feature=youtu.be<\/a><noscript>Video can&rsquo;t be loaded because JavaScript is disabled: <a href=\"https:\/\/www.youtube.com\/watch?v=ekeSW-HPyys&#038;feature=youtu.be\" title=\"D\u00e9montage ADN @ Rentr\u00e9e SVU, Campus Universitaire, strasbourg, 08\/09\/2015\">D\u00e9montage ADN @ Rentr\u00e9e SVU, Campus Universitaire, strasbourg, 08\/09\/2015 (https:\/\/www.youtube.com\/watch?v=ekeSW-HPyys&#038;feature=youtu.be)<\/a><\/noscript><\/div>\n<p style=\"text-align: justify\"><span style=\"color: #ee1746\"><strong><br \/>\nFaire appel \u00e0 l&rsquo;ADN<\/strong><\/span><br \/>\nLes utilisateurs souhaitant faire appel \u00e0 celui-ci peuvent envoyer le descriptif de leur \u00e9v\u00e9nement ou service souhait\u00e9 sur la <span style=\"color: #e51414\"><a style=\"color: #e51414\" href=\"http:\/\/azqs.com\/adn\/?page_id=11\" target=\"_blank\"><strong>page de Contact<\/strong><\/a><\/span>. Si le projet respecte des r\u00e8gles telles que la convivialit\u00e9, la diffusion du savoir, la promotion du monde libre et ne contient aucuns messages \u00e0 caract\u00e8res pr\u00f4nant l&rsquo;exclusion de tout type alors la date est not\u00e9e dans l&rsquo;<span style=\"color: #ee1746\"><strong><a style=\"color: #ee1746\" href=\"http:\/\/azqs.com\/adn\/?page_id=97\" target=\"_blank\">Agenda<\/a><\/strong><\/span>. Le sound-system accompagn\u00e9 de son DJ\/pilote pourra alors se rendre \u00e0 l&#8217;emplacement et \u00e0 l&rsquo;heure indiqu\u00e9s.<\/p>\n","protected":false},"excerpt":{"rendered":"<p>D\u00e9marches pour vous 1. Consultez l&rsquo;AGENDA de l&rsquo;ADN et v\u00e9rifiez sa disponibilit\u00e9 selon votre \u00e9v\u00e9nement. 2. Contactez l&rsquo;ADN en pr\u00e9cisant le type de l&rsquo;\u00e9v\u00e9nement, la dur\u00e9e souhait\u00e9e de diffusion, l&rsquo;objet \u00e0 diffuser (concert, dj set, conf\u00e9rence, &#8230; et surtout avec le plus de d\u00e9tails techniques). 3. L&rsquo;ADN confirmera sa pr\u00e9sence et viendra avec son dj\/pilote [&hellip;]<\/p>\n","protected":false},"author":290,"featured_media":0,"parent":0,"menu_order":0,"comment_status":"closed","ping_status":"closed","template":"","meta":{"footnotes":""},"class_list":["post-76","page","type-page","status-publish","hentry"],"_links":{"self":[{"href":"https:\/\/azqs.com\/adn\/wp-json\/wp\/v2\/pages\/76"}],"collection":[{"href":"https:\/\/azqs.com\/adn\/wp-json\/wp\/v2\/pages"}],"about":[{"href":"https:\/\/azqs.com\/adn\/wp-json\/wp\/v2\/types\/page"}],"author":[{"embeddable":true,"href":"https:\/\/azqs.com\/adn\/wp-json\/wp\/v2\/users\/290"}],"replies":[{"embeddable":true,"href":"https:\/\/azqs.com\/adn\/wp-json\/wp\/v2\/comments?post=76"}],"version-history":[{"count":18,"href":"https:\/\/azqs.com\/adn\/wp-json\/wp\/v2\/pages\/76\/revisions"}],"predecessor-version":[{"id":752,"href":"https:\/\/azqs.com\/adn\/wp-json\/wp\/v2\/pages\/76\/revisions\/752"}],"wp:attachment":[{"href":"https:\/\/azqs.com\/adn\/wp-json\/wp\/v2\/media?parent=76"}],"curies":[{"name":"wp","href":"https:\/\/api.w.org\/{rel}","templated":true}]}}