{"id":37,"date":"2015-03-20T14:29:52","date_gmt":"2015-03-20T13:29:52","guid":{"rendered":"http:\/\/azqs.com\/adn\/?page_id=37"},"modified":"2019-07-06T04:57:34","modified_gmt":"2019-07-06T02:57:34","slug":"liens","status":"publish","type":"page","link":"https:\/\/azqs.com\/adn\/liens\/","title":{"rendered":"LIENS"},"content":{"rendered":"<h2><span style=\"color: #ee1746\"><strong>Partenaires<\/strong><\/span><\/h2>\n<p><a href=\"http:\/\/www.shadok.strasbourg.eu\/\" target=\"_blank\" rel=\"noopener\"><img loading=\"lazy\" decoding=\"async\" class=\"alignnone wp-image-192\" src=\"http:\/\/azqs.com\/adn\/files\/2015\/03\/Logo-300x10011.png\" alt=\"\" width=\"240\" height=\"80\" \/><\/a>\u00a0\u00a0\u00a0\u00a0<a href=\"https:\/\/www.strasbourg.eu\/fr\" target=\"_blank\" rel=\"noopener\"><img loading=\"lazy\" decoding=\"async\" class=\"alignnone wp-image-194\" src=\"http:\/\/azqs.com\/adn\/files\/2015\/03\/banner-stras.png\" alt=\"banner-stras\" width=\"303\" height=\"81\" srcset=\"https:\/\/azqs.com\/adn\/files\/2015\/03\/banner-stras.png 400w, https:\/\/azqs.com\/adn\/files\/2015\/03\/banner-stras-300x80.png 300w\" sizes=\"(max-width: 303px) 100vw, 303px\" \/><\/a> \u00a0 \u00a0\u00a0 <a href=\"http:\/\/www.dna.fr\/\" target=\"_blank\" rel=\"noopener\"><img loading=\"lazy\" decoding=\"async\" class=\"alignnone wp-image-42\" src=\"http:\/\/azqs.com\/adn\/files\/2015\/03\/dna_rouge_cmjn.jpg\" alt=\"dna_rouge_cmjn_support_rouge_181011\" width=\"262\" height=\"131\" srcset=\"https:\/\/azqs.com\/adn\/files\/2015\/03\/dna_rouge_cmjn.jpg 396w, https:\/\/azqs.com\/adn\/files\/2015\/03\/dna_rouge_cmjn-300x150.jpg 300w\" sizes=\"(max-width: 262px) 100vw, 262px\" \/><\/a>\u00a0\u00a0\u00a0\u00a0 <a href=\"mailto:larkipass@gmail.com\"><img loading=\"lazy\" decoding=\"async\" class=\"alignnone wp-image-41\" src=\"http:\/\/azqs.com\/adn\/files\/2015\/03\/logoLKP21.jpg\" alt=\"logoLKP\" width=\"278\" height=\"122\" srcset=\"https:\/\/azqs.com\/adn\/files\/2015\/03\/logoLKP21.jpg 591w, https:\/\/azqs.com\/adn\/files\/2015\/03\/logoLKP21-300x131.jpg 300w\" sizes=\"(max-width: 278px) 100vw, 278px\" \/><\/a> \u00a0 \u00a0 <a href=\"http:\/\/www.crous-strasbourg.fr\/\" target=\"_blank\" rel=\"noopener\"><img loading=\"lazy\" decoding=\"async\" class=\"alignnone wp-image-44\" src=\"http:\/\/azqs.com\/adn\/files\/2015\/03\/crous_strasbourg_petit_format.jpg\" alt=\"crous_strasbourg_petit_format\" width=\"131\" height=\"136\" srcset=\"https:\/\/azqs.com\/adn\/files\/2015\/03\/crous_strasbourg_petit_format.jpg 482w, https:\/\/azqs.com\/adn\/files\/2015\/03\/crous_strasbourg_petit_format-289x300.jpg 289w\" sizes=\"(max-width: 131px) 100vw, 131px\" \/><\/a> \u00a0 \u00a0 <a href=\"https:\/\/www.unistra.fr\/\" target=\"_blank\" rel=\"noopener\"><img loading=\"lazy\" decoding=\"async\" class=\"alignnone wp-image-43\" src=\"http:\/\/azqs.com\/adn\/files\/2015\/03\/logo.png\" alt=\"logo\" width=\"255\" height=\"115\" \/><\/a> \u00a0 \u00a0 <a href=\"http:\/\/azqs.com\/invocat\/\" target=\"_blank\" rel=\"noopener\"><img loading=\"lazy\" decoding=\"async\" class=\"alignnone wp-image-650 \" src=\"http:\/\/azqs.com\/adn\/files\/2015\/03\/invocat_logo_final_inverted3-300x300.png\" alt=\"\" width=\"138\" height=\"138\" srcset=\"https:\/\/azqs.com\/adn\/files\/2015\/03\/invocat_logo_final_inverted3-300x300.png 300w, https:\/\/azqs.com\/adn\/files\/2015\/03\/invocat_logo_final_inverted3-75x75.png 75w, https:\/\/azqs.com\/adn\/files\/2015\/03\/invocat_logo_final_inverted3-768x768.png 768w, https:\/\/azqs.com\/adn\/files\/2015\/03\/invocat_logo_final_inverted3-1024x1024.png 1024w, https:\/\/azqs.com\/adn\/files\/2015\/03\/invocat_logo_final_inverted3-624x624.png 624w\" sizes=\"(max-width: 138px) 100vw, 138px\" \/><\/a>\u00a0\u00a0\u00a0\u00a0 <a href=\"http:\/\/www.carrosserie-hh.com\/\" target=\"_blank\" rel=\"noopener\"><img loading=\"lazy\" decoding=\"async\" class=\"alignnone wp-image-111\" src=\"http:\/\/azqs.com\/adn\/files\/2015\/03\/plaque-hh.png\" alt=\"plaque-hh\" width=\"177\" height=\"139\" \/><\/a>\u00a0 \u00a0<a href=\"http:\/\/www.dkproject.fr\/accueil.html\" target=\"_blank\" rel=\"noopener\"><img loading=\"lazy\" decoding=\"async\" class=\"alignnone wp-image-242\" src=\"http:\/\/azqs.com\/adn\/files\/2015\/03\/Logo-PNG-947-x-484-300x153.png\" alt=\"\" width=\"226\" height=\"115\" srcset=\"https:\/\/azqs.com\/adn\/files\/2015\/03\/Logo-PNG-947-x-484-300x153.png 300w, https:\/\/azqs.com\/adn\/files\/2015\/03\/Logo-PNG-947-x-484-624x319.png 624w, https:\/\/azqs.com\/adn\/files\/2015\/03\/Logo-PNG-947-x-484.png 947w\" sizes=\"(max-width: 226px) 100vw, 226px\" \/><\/a>\u00a0\u00a0 <a href=\"http:\/\/www.rapidplaques-signaletique-enseigne.fr\/\" target=\"_blank\" rel=\"noopener\"><img loading=\"lazy\" decoding=\"async\" class=\"alignnone wp-image-331\" src=\"http:\/\/azqs.com\/adn\/files\/2015\/03\/rapidplaques.jpg\" alt=\"rapidplaques\" width=\"137\" height=\"136\" srcset=\"https:\/\/azqs.com\/adn\/files\/2015\/03\/rapidplaques.jpg 240w, https:\/\/azqs.com\/adn\/files\/2015\/03\/rapidplaques-150x150.jpg 150w\" sizes=\"(max-width: 137px) 100vw, 137px\" \/><\/a>\u00a0 \u00a0<a href=\"http:\/\/www.ter.sncf.com\/alsace\" target=\"_blank\" rel=\"noopener\"><img loading=\"lazy\" decoding=\"async\" class=\"alignnone wp-image-540\" src=\"http:\/\/azqs.com\/adn\/files\/2015\/03\/Logo-TER-A-coeur-2012-300x89.jpg\" alt=\"\" width=\"287\" height=\"85\" srcset=\"https:\/\/azqs.com\/adn\/files\/2015\/03\/Logo-TER-A-coeur-2012-300x89.jpg 300w, https:\/\/azqs.com\/adn\/files\/2015\/03\/Logo-TER-A-coeur-2012-1024x305.jpg 1024w, https:\/\/azqs.com\/adn\/files\/2015\/03\/Logo-TER-A-coeur-2012-624x186.jpg 624w, https:\/\/azqs.com\/adn\/files\/2015\/03\/Logo-TER-A-coeur-2012.jpg 2000w\" sizes=\"(max-width: 287px) 100vw, 287px\" \/><\/a>\u00a0 \u00a0<a href=\"http:\/\/www.sncf.com\/\" target=\"_blank\" rel=\"noopener\"><img loading=\"lazy\" decoding=\"async\" class=\"alignnone wp-image-541\" src=\"http:\/\/azqs.com\/adn\/files\/2015\/03\/logo-SNCF-2011-couleur-300x159.jpg\" alt=\"\" width=\"265\" height=\"140\" srcset=\"https:\/\/azqs.com\/adn\/files\/2015\/03\/logo-SNCF-2011-couleur-300x159.jpg 300w, https:\/\/azqs.com\/adn\/files\/2015\/03\/logo-SNCF-2011-couleur-1024x541.jpg 1024w, https:\/\/azqs.com\/adn\/files\/2015\/03\/logo-SNCF-2011-couleur-624x330.jpg 624w, https:\/\/azqs.com\/adn\/files\/2015\/03\/logo-SNCF-2011-couleur.jpg 1637w\" sizes=\"(max-width: 265px) 100vw, 265px\" \/><\/a><\/p>\n<p><a href=\"http:\/\/www.artefact.org\/lososphere\" target=\"_blank\" rel=\"noopener\"><img loading=\"lazy\" decoding=\"async\" class=\"alignnone wp-image-765 size-medium\" src=\"http:\/\/azqs.com\/adn\/files\/2015\/03\/logo-oso-300x57.jpeg\" alt=\"\" width=\"300\" height=\"57\" srcset=\"https:\/\/azqs.com\/adn\/files\/2015\/03\/logo-oso-300x57.jpeg 300w, https:\/\/azqs.com\/adn\/files\/2015\/03\/logo-oso-768x145.jpeg 768w, https:\/\/azqs.com\/adn\/files\/2015\/03\/logo-oso-1024x194.jpeg 1024w, https:\/\/azqs.com\/adn\/files\/2015\/03\/logo-oso-624x118.jpeg 624w, https:\/\/azqs.com\/adn\/files\/2015\/03\/logo-oso.jpeg 1628w\" sizes=\"(max-width: 300px) 100vw, 300px\" \/><\/a>\u00a0 coproduit par <span style=\"color: #ee1746\"><a style=\"color: #ee1746\" href=\"http:\/\/www.artefact.org\/lososphere\" target=\"_blank\" rel=\"noopener\"><span style=\"color: #000000\">Quatre 4.0 \/ L&rsquo;Ososph\u00e8re<\/span><\/a><\/span><\/p>\n<hr \/>\n<h2><span style=\"color: #ee1746\"><strong>Liens<\/strong><\/span><\/h2>\n<p><strong><span style=\"color: #ee1746\"><span style=\"color: #000000\">Energ\u00e9tique<\/span><\/span><\/strong><span style=\"color: #ee1746\"><strong><a style=\"color: #ee1746\" href=\"http:\/\/solarsoundsystem.org\/\" target=\"_blank\" rel=\"noopener\"><br \/>\nSolar Sound System<\/a><\/strong><\/span> : r\u00e9seau franco-suisse de sound-systems solaires<br \/>\n<span style=\"color: #ee1746\"><strong><a style=\"color: #ee1746\" href=\"http:\/\/cinemasolaire.com\/\" target=\"_blank\" rel=\"noopener\">Cin\u00e9ma Solaire<\/a><\/strong><\/span> : cin\u00e9ma itin\u00e9rant solaire<br \/>\n<span style=\"color: #ee1746\"><strong><a style=\"color: #ee1746\" href=\"http:\/\/www.cinecyclo.com\/\" target=\"_blank\" rel=\"noopener\">Cin\u00e9 Cyclo<\/a><\/strong><\/span> : Construction et projets autour de g\u00e9n\u00e9ratrices v\u00e9lo (Fr)<br \/>\n<span style=\"color: #ee1746\"><strong><a style=\"color: #ee1746\" href=\"http:\/\/www.electricpedals.com\/\" target=\"_blank\" rel=\"noopener\">Electric Pedals<\/a><\/strong><\/span> : Construction de g\u00e9n\u00e9ratrices v\u00e9lo (Uk)<br \/>\n<strong><span style=\"color: #ee1746\"><a style=\"color: #ee1746\" href=\"http:\/\/www.magnificentrevolution.org\/about\/\" target=\"_blank\" rel=\"noopener\">Magnificient Revolution<\/a><\/span><\/strong> : projets solidaires autour de v\u00e9los g\u00e9n\u00e9rateurs et guide DIY (Uk)<br \/>\n<strong><a href=\"http:\/\/cycletricity.co.uk\/\" target=\"_blank\" rel=\"noopener\"><span style=\"color: #ee1746\">Cicletricity<\/span> <\/a><\/strong>: projets autour de v\u00e9los g\u00e9n\u00e9rateurs (Uk)<br \/>\n<strong><span style=\"color: #ee1746\"><a style=\"color: #ee1746\" href=\"http:\/\/www.mayapedal.org\/machines.en\" target=\"_blank\" rel=\"noopener\">Maya Pedal<\/a><\/span><\/strong> : applications DIY avec des v\u00e9los (Guatemala)<br \/>\n<span style=\"color: #ee1746\"><strong><a style=\"color: #ee1746\" href=\"https:\/\/www.velectricyclette.fr\/\" target=\"_blank\" rel=\"noopener\">Velectricyclette<\/a><\/strong><\/span> : V\u00e9los g\u00e9n\u00e9rateurs dans l&rsquo;Est de la France<\/p>\n<p><strong><span style=\"color: #000000\">Autogestion<\/span><br \/>\n<\/strong><span style=\"color: #ee1746\"><strong><a style=\"color: #ee1746\" href=\"http:\/\/azqs.com\" target=\"_blank\" rel=\"noopener\">AZQS <\/a><\/strong><\/span>: h\u00e9bergement associatif \u00e0 Strasbourg<br \/>\n&#8230;<\/p>\n<p><span style=\"color: #ee1746\"><strong><a style=\"color: #ee1746\" href=\"http:\/\/azqs.com\/invocat\/artistes\/\" target=\"_blank\" rel=\"noopener\">Invocat<\/a><\/strong><\/span> : association porteuse du Syst\u00e8me ADN &#8211; ambient \/ techno \/ litt\u00e9rature<br \/>\n<span style=\"color: #ee1746\"><strong><a style=\"color: #ee1746\" href=\"http:\/\/azqs.com\/florent8schmitt\/\" target=\"_blank\" rel=\"noopener\">Florent Schmitt<\/a><\/strong><\/span> : site personnel du plasticien po\u00e8te de l&rsquo;ADN<br \/>\n<a href=\"http:\/\/adaunis.ultra-book.com\/\" target=\"_blank\" rel=\"noopener\"><strong><span style=\"color: #ee1746\">Aurore Daunis<\/span><\/strong><\/a> : Graphiste et designer partenaire de l&rsquo;ADN<br \/>\n<span style=\"color: #ee1746\"><strong><a style=\"color: #ee1746\" href=\"http:\/\/www.oazart.com\/\" target=\"_blank\" rel=\"noopener\">Oaz&rsquo;art<\/a> <\/strong><\/span>: organisation de sc\u00e8ne slam dans l&rsquo;Est<\/p>\n<p>&nbsp;<\/p>\n<hr \/>\n<h2><span style=\"color: #ee1746\"><strong>Remerciements sp\u00e9ciaux<br \/>\n<\/strong><\/span><\/h2>\n<p>Aurore Daunis, Florent Schmitt, Chantal Schmitt, Pierre Schmitt, Valentin Funfrock, Lionel Wernert, Val\u00e9rie Viard, Alice Caspard, Manon Kaupp, Pauline Desgrandchamp, G\u00e9raldine Farage, Philippe Merlet, Alexis Lorthiois, Hubert Haberbusch et Bebe, Isaak, Romain, Jean Pfeiffer, Fabrice Claude, Thomas Jund<\/p>\n","protected":false},"excerpt":{"rendered":"<p>Partenaires \u00a0\u00a0\u00a0\u00a0 \u00a0 \u00a0\u00a0 \u00a0\u00a0\u00a0\u00a0 \u00a0 \u00a0 \u00a0 \u00a0 \u00a0 \u00a0 \u00a0\u00a0\u00a0\u00a0 \u00a0 \u00a0\u00a0\u00a0 \u00a0 \u00a0\u00a0 \u00a0 \u00a0 coproduit par Quatre 4.0 \/ L&rsquo;Ososph\u00e8re Liens Energ\u00e9tique Solar Sound System : r\u00e9seau franco-suisse de sound-systems solaires Cin\u00e9ma Solaire : cin\u00e9ma itin\u00e9rant solaire Cin\u00e9 Cyclo : Construction et projets autour de g\u00e9n\u00e9ratrices v\u00e9lo (Fr) Electric Pedals : [&hellip;]<\/p>\n","protected":false},"author":290,"featured_media":0,"parent":0,"menu_order":0,"comment_status":"closed","ping_status":"closed","template":"","meta":{"footnotes":""},"class_list":["post-37","page","type-page","status-publish","hentry"],"_links":{"self":[{"href":"https:\/\/azqs.com\/adn\/wp-json\/wp\/v2\/pages\/37"}],"collection":[{"href":"https:\/\/azqs.com\/adn\/wp-json\/wp\/v2\/pages"}],"about":[{"href":"https:\/\/azqs.com\/adn\/wp-json\/wp\/v2\/types\/page"}],"author":[{"embeddable":true,"href":"https:\/\/azqs.com\/adn\/wp-json\/wp\/v2\/users\/290"}],"replies":[{"embeddable":true,"href":"https:\/\/azqs.com\/adn\/wp-json\/wp\/v2\/comments?post=37"}],"version-history":[{"count":4,"href":"https:\/\/azqs.com\/adn\/wp-json\/wp\/v2\/pages\/37\/revisions"}],"predecessor-version":[{"id":1085,"href":"https:\/\/azqs.com\/adn\/wp-json\/wp\/v2\/pages\/37\/revisions\/1085"}],"wp:attachment":[{"href":"https:\/\/azqs.com\/adn\/wp-json\/wp\/v2\/media?parent=37"}],"curies":[{"name":"wp","href":"https:\/\/api.w.org\/{rel}","templated":true}]}}