{"id":365,"date":"2015-07-02T22:18:14","date_gmt":"2015-07-02T20:18:14","guid":{"rendered":"http:\/\/azqs.com\/adn\/?page_id=365"},"modified":"2016-07-28T20:07:41","modified_gmt":"2016-07-28T18:07:41","slug":"fonctionnement","status":"publish","type":"page","link":"https:\/\/azqs.com\/adn\/fonctionnement\/","title":{"rendered":"FONCTIONNEMENT"},"content":{"rendered":"<p style=\"text-align: justify\">L&rsquo;\u00e9nergie recueillie par le <span style=\"color: #ee1744\"><strong>panneau photovolta\u00efque<\/strong><\/span> (sensible au rayonnement solaire) n&rsquo;est pas directement utilis\u00e9e mais stock\u00e9e dans une <span style=\"color: #ee1744\"><strong>batterie solaire<\/strong><\/span>. Ce stockage d&rsquo;\u00e9nergie permet une utilisation continue dans le temps du syst\u00e8me ADN alors qu&rsquo;il faudrait un nombre plus\u00a0 cons\u00e9quent de panneaux photovolta\u00efques pour utiliser l&rsquo;\u00e9nergie de mani\u00e8re directe. Le panneau solaire produit de l&rsquo;\u00e9nergie entre 12 et 17 Volts (selon la luminosit\u00e9, l&rsquo;inclinaison du panneau, la qualit\u00e9 solaire &#8230;) qui est envoy\u00e9e vers la batterie pour son stockage en 12 V.<\/p>\n<p style=\"text-align: justify\">Afin de prot\u00e9ger la batterie en lui \u00e9vitant ces variations de tension, un boitier appel\u00e9 <span style=\"color: #ee1744\"><strong>r\u00e9gulateur<\/strong><\/span> s&rsquo;intercale entre le panneau et la batterie. Ce r\u00e9gulateur permet d&rsquo;envoyer une tension stable\u00a0 de 12 V vers la batterie, prolongeant ainsi sa dur\u00e9e de vie.<\/p>\n<p style=\"text-align: justify\">L\u2019 \u00e9nergie produite est un courant\u00a0 continu de 12 V cependant les appareils fonctionnent g\u00e9n\u00e9ralement en 220 V alternatif. Il faut donc un <span style=\"color: #ee1744\"><strong>transformateur<\/strong> <\/span>qui va permettre la conversion du courant continu vers un courant\u00a0 alternatif capable de faire fonctionner les appareils en toute s\u00e9curit\u00e9.<\/p>\n<p>&nbsp;<\/p>\n\n\t\t<style type=\"text\/css\">\n\t\t\t#gallery-1 {\n\t\t\t\tmargin: auto;\n\t\t\t}\n\t\t\t#gallery-1 .gallery-item {\n\t\t\t\tfloat: left;\n\t\t\t\tmargin-top: 10px;\n\t\t\t\ttext-align: center;\n\t\t\t\twidth: 100%;\n\t\t\t}\n\t\t\t#gallery-1 img {\n\t\t\t\tborder: 2px solid #cfcfcf;\n\t\t\t}\n\t\t\t#gallery-1 .gallery-caption {\n\t\t\t\tmargin-left: 0;\n\t\t\t}\n\t\t\t\/* see gallery_shortcode() in wp-includes\/media.php *\/\n\t\t<\/style>\n\t\t<div id='gallery-1' class='gallery galleryid-365 gallery-columns-1 gallery-size-large'><dl class='gallery-item'>\n\t\t\t<dt class='gallery-icon landscape'>\n\t\t\t\t<a href='https:\/\/azqs.com\/adn\/files\/2015\/07\/Schema_solaire.jpg'><img loading=\"lazy\" decoding=\"async\" width=\"625\" height=\"436\" src=\"https:\/\/azqs.com\/adn\/files\/2015\/07\/Schema_solaire.jpg\" class=\"attachment-large size-large\" alt=\"\" srcset=\"https:\/\/azqs.com\/adn\/files\/2015\/07\/Schema_solaire.jpg 1000w, https:\/\/azqs.com\/adn\/files\/2015\/07\/Schema_solaire-300x209.jpg 300w, https:\/\/azqs.com\/adn\/files\/2015\/07\/Schema_solaire-768x536.jpg 768w, https:\/\/azqs.com\/adn\/files\/2015\/07\/Schema_solaire-624x436.jpg 624w\" sizes=\"(max-width: 625px) 100vw, 625px\" \/><\/a>\n\t\t\t<\/dt><\/dl><br style=\"clear: both\" \/>\n\t\t<\/div>\n\n<p>&nbsp;<\/p>\n<p style=\"text-align: justify\">L&rsquo;\u00e9nergie est \u00e9galement recueillie par le biais de deux <strong><span style=\"color: #ee1744\">g\u00e9n\u00e9ratrices p\u00e9dales<\/span><\/strong> (v\u00e9los) : l&rsquo;\u00e9nergie m\u00e9canique est convertie en \u00e9nergie \u00e9lectrique via un moteur et l&rsquo;effort musculaire d\u00e9velopp\u00e9e par la personne p\u00e9dalant. Ceci permettant encore une fois de limiter la d\u00e9charge de la batterie en utilisation.<\/p>\n<p>Plus d&rsquo;informations d\u00e9taill\u00e9es sur le site <strong><span style=\"color: #ee1744\"><a style=\"color: #ee1744\" href=\"http:\/\/ecolodis-solaire.com\/conseils\" target=\"_blank\">Ecolodis<\/a><\/span><\/strong>.<\/p>\n","protected":false},"excerpt":{"rendered":"<p>L&rsquo;\u00e9nergie recueillie par le panneau photovolta\u00efque (sensible au rayonnement solaire) n&rsquo;est pas directement utilis\u00e9e mais stock\u00e9e dans une batterie solaire. Ce stockage d&rsquo;\u00e9nergie permet une utilisation continue dans le temps du syst\u00e8me ADN alors qu&rsquo;il faudrait un nombre plus\u00a0 cons\u00e9quent de panneaux photovolta\u00efques pour utiliser l&rsquo;\u00e9nergie de mani\u00e8re directe. Le panneau solaire produit de l&rsquo;\u00e9nergie [&hellip;]<\/p>\n","protected":false},"author":290,"featured_media":0,"parent":0,"menu_order":0,"comment_status":"closed","ping_status":"closed","template":"","meta":{"footnotes":""},"class_list":["post-365","page","type-page","status-publish","hentry"],"_links":{"self":[{"href":"https:\/\/azqs.com\/adn\/wp-json\/wp\/v2\/pages\/365"}],"collection":[{"href":"https:\/\/azqs.com\/adn\/wp-json\/wp\/v2\/pages"}],"about":[{"href":"https:\/\/azqs.com\/adn\/wp-json\/wp\/v2\/types\/page"}],"author":[{"embeddable":true,"href":"https:\/\/azqs.com\/adn\/wp-json\/wp\/v2\/users\/290"}],"replies":[{"embeddable":true,"href":"https:\/\/azqs.com\/adn\/wp-json\/wp\/v2\/comments?post=365"}],"version-history":[{"count":7,"href":"https:\/\/azqs.com\/adn\/wp-json\/wp\/v2\/pages\/365\/revisions"}],"predecessor-version":[{"id":753,"href":"https:\/\/azqs.com\/adn\/wp-json\/wp\/v2\/pages\/365\/revisions\/753"}],"wp:attachment":[{"href":"https:\/\/azqs.com\/adn\/wp-json\/wp\/v2\/media?parent=365"}],"curies":[{"name":"wp","href":"https:\/\/api.w.org\/{rel}","templated":true}]}}