{"id":297,"date":"2015-06-03T12:43:38","date_gmt":"2015-06-03T10:43:38","guid":{"rendered":"http:\/\/azqs.com\/adn\/?page_id=297"},"modified":"2015-08-14T16:49:31","modified_gmt":"2015-08-14T14:49:31","slug":"gal_platypus","status":"publish","type":"page","link":"https:\/\/azqs.com\/adn\/gal_platypus\/","title":{"rendered":"Galerie photo de l&rsquo;inauguration de la biblioth\u00e8que partag\u00e9e de l&rsquo;Association Platypus le 31 Mai 2015 \u00e0 Ostwald"},"content":{"rendered":"\n\t\t<style type=\"text\/css\">\n\t\t\t#gallery-1 {\n\t\t\t\tmargin: auto;\n\t\t\t}\n\t\t\t#gallery-1 .gallery-item {\n\t\t\t\tfloat: left;\n\t\t\t\tmargin-top: 10px;\n\t\t\t\ttext-align: center;\n\t\t\t\twidth: 50%;\n\t\t\t}\n\t\t\t#gallery-1 img {\n\t\t\t\tborder: 2px solid #cfcfcf;\n\t\t\t}\n\t\t\t#gallery-1 .gallery-caption {\n\t\t\t\tmargin-left: 0;\n\t\t\t}\n\t\t\t\/* see gallery_shortcode() in wp-includes\/media.php *\/\n\t\t<\/style>\n\t\t<div id='gallery-1' class='gallery galleryid-297 gallery-columns-2 gallery-size-medium'><dl class='gallery-item'>\n\t\t\t<dt class='gallery-icon portrait'>\n\t\t\t\t<a href='https:\/\/azqs.com\/adn\/files\/2015\/06\/SAM_0768.jpg'><img loading=\"lazy\" decoding=\"async\" width=\"225\" height=\"300\" src=\"https:\/\/azqs.com\/adn\/files\/2015\/06\/SAM_0768-225x300.jpg\" class=\"attachment-medium size-medium\" alt=\"\" srcset=\"https:\/\/azqs.com\/adn\/files\/2015\/06\/SAM_0768-225x300.jpg 225w, https:\/\/azqs.com\/adn\/files\/2015\/06\/SAM_0768-768x1024.jpg 768w, https:\/\/azqs.com\/adn\/files\/2015\/06\/SAM_0768-624x832.jpg 624w\" sizes=\"(max-width: 225px) 100vw, 225px\" \/><\/a>\n\t\t\t<\/dt><\/dl><dl class='gallery-item'>\n\t\t\t<dt class='gallery-icon landscape'>\n\t\t\t\t<a href='https:\/\/azqs.com\/adn\/files\/2015\/06\/SAM_0760.jpg'><img loading=\"lazy\" decoding=\"async\" width=\"300\" height=\"225\" src=\"https:\/\/azqs.com\/adn\/files\/2015\/06\/SAM_0760-300x225.jpg\" class=\"attachment-medium size-medium\" alt=\"\" srcset=\"https:\/\/azqs.com\/adn\/files\/2015\/06\/SAM_0760-300x225.jpg 300w, https:\/\/azqs.com\/adn\/files\/2015\/06\/SAM_0760-1024x768.jpg 1024w, https:\/\/azqs.com\/adn\/files\/2015\/06\/SAM_0760-624x468.jpg 624w\" sizes=\"(max-width: 300px) 100vw, 300px\" \/><\/a>\n\t\t\t<\/dt><\/dl><br style=\"clear: both\" \/><dl class='gallery-item'>\n\t\t\t<dt class='gallery-icon portrait'>\n\t\t\t\t<a href='https:\/\/azqs.com\/adn\/files\/2015\/06\/SAM_0767.jpg'><img loading=\"lazy\" decoding=\"async\" width=\"225\" height=\"300\" src=\"https:\/\/azqs.com\/adn\/files\/2015\/06\/SAM_0767-225x300.jpg\" class=\"attachment-medium size-medium\" alt=\"\" srcset=\"https:\/\/azqs.com\/adn\/files\/2015\/06\/SAM_0767-225x300.jpg 225w, https:\/\/azqs.com\/adn\/files\/2015\/06\/SAM_0767-768x1024.jpg 768w, https:\/\/azqs.com\/adn\/files\/2015\/06\/SAM_0767-624x832.jpg 624w\" sizes=\"(max-width: 225px) 100vw, 225px\" \/><\/a>\n\t\t\t<\/dt><\/dl><dl class='gallery-item'>\n\t\t\t<dt class='gallery-icon landscape'>\n\t\t\t\t<a href='https:\/\/azqs.com\/adn\/files\/2015\/06\/SAM_0771.jpg'><img loading=\"lazy\" decoding=\"async\" width=\"300\" height=\"225\" src=\"https:\/\/azqs.com\/adn\/files\/2015\/06\/SAM_0771-300x225.jpg\" class=\"attachment-medium size-medium\" alt=\"\" srcset=\"https:\/\/azqs.com\/adn\/files\/2015\/06\/SAM_0771-300x225.jpg 300w, https:\/\/azqs.com\/adn\/files\/2015\/06\/SAM_0771-1024x768.jpg 1024w, https:\/\/azqs.com\/adn\/files\/2015\/06\/SAM_0771-624x468.jpg 624w\" sizes=\"(max-width: 300px) 100vw, 300px\" \/><\/a>\n\t\t\t<\/dt><\/dl><br style=\"clear: both\" \/>\n\t\t<\/div>\n\n","protected":false},"excerpt":{"rendered":"","protected":false},"author":290,"featured_media":0,"parent":0,"menu_order":0,"comment_status":"closed","ping_status":"closed","template":"","meta":{"footnotes":""},"class_list":["post-297","page","type-page","status-publish","hentry"],"_links":{"self":[{"href":"https:\/\/azqs.com\/adn\/wp-json\/wp\/v2\/pages\/297"}],"collection":[{"href":"https:\/\/azqs.com\/adn\/wp-json\/wp\/v2\/pages"}],"about":[{"href":"https:\/\/azqs.com\/adn\/wp-json\/wp\/v2\/types\/page"}],"author":[{"embeddable":true,"href":"https:\/\/azqs.com\/adn\/wp-json\/wp\/v2\/users\/290"}],"replies":[{"embeddable":true,"href":"https:\/\/azqs.com\/adn\/wp-json\/wp\/v2\/comments?post=297"}],"version-history":[{"count":4,"href":"https:\/\/azqs.com\/adn\/wp-json\/wp\/v2\/pages\/297\/revisions"}],"predecessor-version":[{"id":446,"href":"https:\/\/azqs.com\/adn\/wp-json\/wp\/v2\/pages\/297\/revisions\/446"}],"wp:attachment":[{"href":"https:\/\/azqs.com\/adn\/wp-json\/wp\/v2\/media?parent=297"}],"curies":[{"name":"wp","href":"https:\/\/api.w.org\/{rel}","templated":true}]}}