{"id":151,"date":"2015-03-30T19:03:18","date_gmt":"2015-03-30T17:03:18","guid":{"rendered":"http:\/\/azqs.com\/adn\/?page_id=151"},"modified":"2015-08-14T17:05:06","modified_gmt":"2015-08-14T15:05:06","slug":"gal_construction","status":"publish","type":"page","link":"https:\/\/azqs.com\/adn\/gal_construction\/","title":{"rendered":"Galerie photo de la construction du syst\u00e8me ADN"},"content":{"rendered":"\n\t\t<style type=\"text\/css\">\n\t\t\t#gallery-1 {\n\t\t\t\tmargin: auto;\n\t\t\t}\n\t\t\t#gallery-1 .gallery-item {\n\t\t\t\tfloat: left;\n\t\t\t\tmargin-top: 10px;\n\t\t\t\ttext-align: center;\n\t\t\t\twidth: 50%;\n\t\t\t}\n\t\t\t#gallery-1 img {\n\t\t\t\tborder: 2px solid #cfcfcf;\n\t\t\t}\n\t\t\t#gallery-1 .gallery-caption {\n\t\t\t\tmargin-left: 0;\n\t\t\t}\n\t\t\t\/* see gallery_shortcode() in wp-includes\/media.php *\/\n\t\t<\/style>\n\t\t<div id='gallery-1' class='gallery galleryid-151 gallery-columns-2 gallery-size-medium'><dl class='gallery-item'>\n\t\t\t<dt class='gallery-icon landscape'>\n\t\t\t\t<a href='https:\/\/azqs.com\/adn\/files\/2015\/03\/IMG_3843.jpg'><img loading=\"lazy\" decoding=\"async\" width=\"300\" height=\"225\" src=\"https:\/\/azqs.com\/adn\/files\/2015\/03\/IMG_3843-300x225.jpg\" class=\"attachment-medium size-medium\" alt=\"\" srcset=\"https:\/\/azqs.com\/adn\/files\/2015\/03\/IMG_3843-300x225.jpg 300w, https:\/\/azqs.com\/adn\/files\/2015\/03\/IMG_3843.jpg 1024w\" sizes=\"(max-width: 300px) 100vw, 300px\" \/><\/a>\n\t\t\t<\/dt><\/dl><dl class='gallery-item'>\n\t\t\t<dt class='gallery-icon landscape'>\n\t\t\t\t<a href='https:\/\/azqs.com\/adn\/files\/2015\/03\/deambu.png'><img loading=\"lazy\" decoding=\"async\" width=\"300\" height=\"142\" src=\"https:\/\/azqs.com\/adn\/files\/2015\/03\/deambu-300x142.png\" class=\"attachment-medium size-medium\" alt=\"\" aria-describedby=\"gallery-1-160\" srcset=\"https:\/\/azqs.com\/adn\/files\/2015\/03\/deambu-300x142.png 300w, https:\/\/azqs.com\/adn\/files\/2015\/03\/deambu-624x295.png 624w, https:\/\/azqs.com\/adn\/files\/2015\/03\/deambu.png 657w\" sizes=\"(max-width: 300px) 100vw, 300px\" \/><\/a>\n\t\t\t<\/dt>\n\t\t\t\t<dd class='wp-caption-text gallery-caption' id='gallery-1-160'>\n\t\t\t\tCr\u00e9ation d\u2019illustrations et mod\u00e8le 3D.\n\t\t\t\t<\/dd><\/dl><br style=\"clear: both\" \/><dl class='gallery-item'>\n\t\t\t<dt class='gallery-icon landscape'>\n\t\t\t\t<a href='https:\/\/azqs.com\/adn\/files\/2015\/03\/3d-model.jpg'><img loading=\"lazy\" decoding=\"async\" width=\"300\" height=\"225\" src=\"https:\/\/azqs.com\/adn\/files\/2015\/03\/3d-model-300x225.jpg\" class=\"attachment-medium size-medium\" alt=\"\" aria-describedby=\"gallery-1-174\" srcset=\"https:\/\/azqs.com\/adn\/files\/2015\/03\/3d-model-300x225.jpg 300w, https:\/\/azqs.com\/adn\/files\/2015\/03\/3d-model.jpg 1024w, https:\/\/azqs.com\/adn\/files\/2015\/03\/3d-model-624x468.jpg 624w\" sizes=\"(max-width: 300px) 100vw, 300px\" \/><\/a>\n\t\t\t<\/dt>\n\t\t\t\t<dd class='wp-caption-text gallery-caption' id='gallery-1-174'>\n\t\t\t\tCr\u00e9ation d\u2019un mod\u00e8le 3D.\n\t\t\t\t<\/dd><\/dl><dl class='gallery-item'>\n\t\t\t<dt class='gallery-icon portrait'>\n\t\t\t\t<a href='https:\/\/azqs.com\/adn\/files\/2015\/03\/IMG_6408.jpg'><img loading=\"lazy\" decoding=\"async\" width=\"225\" height=\"300\" src=\"https:\/\/azqs.com\/adn\/files\/2015\/03\/IMG_6408-225x300.jpg\" class=\"attachment-medium size-medium\" alt=\"\" aria-describedby=\"gallery-1-152\" srcset=\"https:\/\/azqs.com\/adn\/files\/2015\/03\/IMG_6408-225x300.jpg 225w, https:\/\/azqs.com\/adn\/files\/2015\/03\/IMG_6408-768x1024.jpg 768w, https:\/\/azqs.com\/adn\/files\/2015\/03\/IMG_6408-624x832.jpg 624w\" sizes=\"(max-width: 225px) 100vw, 225px\" \/><\/a>\n\t\t\t<\/dt>\n\t\t\t\t<dd class='wp-caption-text gallery-caption' id='gallery-1-152'>\n\t\t\t\tLe panneau m\u00e9tallique sup\u00e9rieur du chariot initial ainsi que l\u2019un des panneaux de bois sur la longueur sont retir\u00e9s.\n\t\t\t\t<\/dd><\/dl><br style=\"clear: both\" \/><dl class='gallery-item'>\n\t\t\t<dt class='gallery-icon portrait'>\n\t\t\t\t<a href='https:\/\/azqs.com\/adn\/files\/2015\/03\/IMG_6413.jpg'><img loading=\"lazy\" decoding=\"async\" width=\"225\" height=\"300\" src=\"https:\/\/azqs.com\/adn\/files\/2015\/03\/IMG_6413-225x300.jpg\" class=\"attachment-medium size-medium\" alt=\"\" aria-describedby=\"gallery-1-153\" srcset=\"https:\/\/azqs.com\/adn\/files\/2015\/03\/IMG_6413-225x300.jpg 225w, https:\/\/azqs.com\/adn\/files\/2015\/03\/IMG_6413-768x1024.jpg 768w, https:\/\/azqs.com\/adn\/files\/2015\/03\/IMG_6413-624x832.jpg 624w\" sizes=\"(max-width: 225px) 100vw, 225px\" \/><\/a>\n\t\t\t<\/dt>\n\t\t\t\t<dd class='wp-caption-text gallery-caption' id='gallery-1-153'>\n\t\t\t\tLa partie audio du syst\u00e8me sera contenue dans un flightcase classique qui sera ensuite fix\u00e9 \u00e0 l\u2019ensemble du chariot. Une ouverture sur le c\u00f4t\u00e9 a \u00e9t\u00e9 cr\u00e9\u00e9e, le panneau sup\u00e9rieur remplac\u00e9 par de la fibre composite et le fond renforc\u00e9.\n\t\t\t\t<\/dd><\/dl><dl class='gallery-item'>\n\t\t\t<dt class='gallery-icon portrait'>\n\t\t\t\t<a href='https:\/\/azqs.com\/adn\/files\/2015\/03\/IMG_6429.jpg'><img loading=\"lazy\" decoding=\"async\" width=\"225\" height=\"300\" src=\"https:\/\/azqs.com\/adn\/files\/2015\/03\/IMG_6429-225x300.jpg\" class=\"attachment-medium size-medium\" alt=\"\" aria-describedby=\"gallery-1-154\" srcset=\"https:\/\/azqs.com\/adn\/files\/2015\/03\/IMG_6429-225x300.jpg 225w, https:\/\/azqs.com\/adn\/files\/2015\/03\/IMG_6429-768x1024.jpg 768w, https:\/\/azqs.com\/adn\/files\/2015\/03\/IMG_6429-624x832.jpg 624w\" sizes=\"(max-width: 225px) 100vw, 225px\" \/><\/a>\n\t\t\t<\/dt>\n\t\t\t\t<dd class='wp-caption-text gallery-caption' id='gallery-1-154'>\n\t\t\t\tLes roues sont retir\u00e9es pour leur polissage. Le second grand panneau en longueur est remplac\u00e9 pour permettre l\u2019ajout d\u2019un panneau PVC ajour\u00e9 qui accueillera une plaque de plexiglas afin de permettre la vision des \u2018organes internes\u2019 du syst\u00e8me.\n\t\t\t\t<\/dd><\/dl><br style=\"clear: both\" \/><dl class='gallery-item'>\n\t\t\t<dt class='gallery-icon landscape'>\n\t\t\t\t<a href='https:\/\/azqs.com\/adn\/files\/2015\/03\/IMG_6435.jpg'><img loading=\"lazy\" decoding=\"async\" width=\"300\" height=\"225\" src=\"https:\/\/azqs.com\/adn\/files\/2015\/03\/IMG_6435-300x225.jpg\" class=\"attachment-medium size-medium\" alt=\"\" aria-describedby=\"gallery-1-155\" srcset=\"https:\/\/azqs.com\/adn\/files\/2015\/03\/IMG_6435-300x225.jpg 300w, https:\/\/azqs.com\/adn\/files\/2015\/03\/IMG_6435-1024x768.jpg 1024w, https:\/\/azqs.com\/adn\/files\/2015\/03\/IMG_6435-624x468.jpg 624w\" sizes=\"(max-width: 300px) 100vw, 300px\" \/><\/a>\n\t\t\t<\/dt>\n\t\t\t\t<dd class='wp-caption-text gallery-caption' id='gallery-1-155'>\n\t\t\t\tPolissage des roues.\n\t\t\t\t<\/dd><\/dl><dl class='gallery-item'>\n\t\t\t<dt class='gallery-icon portrait'>\n\t\t\t\t<a href='https:\/\/azqs.com\/adn\/files\/2015\/03\/IMG_6443.jpg'><img loading=\"lazy\" decoding=\"async\" width=\"225\" height=\"300\" src=\"https:\/\/azqs.com\/adn\/files\/2015\/03\/IMG_6443-225x300.jpg\" class=\"attachment-medium size-medium\" alt=\"\" aria-describedby=\"gallery-1-156\" srcset=\"https:\/\/azqs.com\/adn\/files\/2015\/03\/IMG_6443-225x300.jpg 225w, https:\/\/azqs.com\/adn\/files\/2015\/03\/IMG_6443-768x1024.jpg 768w, https:\/\/azqs.com\/adn\/files\/2015\/03\/IMG_6443-624x832.jpg 624w\" sizes=\"(max-width: 225px) 100vw, 225px\" \/><\/a>\n\t\t\t<\/dt>\n\t\t\t\t<dd class='wp-caption-text gallery-caption' id='gallery-1-156'>\n\t\t\t\tPon\u00e7age du cadre m\u00e9tallique.\n\t\t\t\t<\/dd><\/dl><br style=\"clear: both\" \/><dl class='gallery-item'>\n\t\t\t<dt class='gallery-icon portrait'>\n\t\t\t\t<a href='https:\/\/azqs.com\/adn\/files\/2015\/03\/IMG_6446.jpg'><img loading=\"lazy\" decoding=\"async\" width=\"225\" height=\"300\" src=\"https:\/\/azqs.com\/adn\/files\/2015\/03\/IMG_6446-225x300.jpg\" class=\"attachment-medium size-medium\" alt=\"\" aria-describedby=\"gallery-1-157\" srcset=\"https:\/\/azqs.com\/adn\/files\/2015\/03\/IMG_6446-225x300.jpg 225w, https:\/\/azqs.com\/adn\/files\/2015\/03\/IMG_6446-768x1024.jpg 768w, https:\/\/azqs.com\/adn\/files\/2015\/03\/IMG_6446-624x832.jpg 624w\" sizes=\"(max-width: 225px) 100vw, 225px\" \/><\/a>\n\t\t\t<\/dt>\n\t\t\t\t<dd class='wp-caption-text gallery-caption' id='gallery-1-157'>\n\t\t\t\tPause avec Bebe de l\u2019Atelier H.H.\n\t\t\t\t<\/dd><\/dl><dl class='gallery-item'>\n\t\t\t<dt class='gallery-icon portrait'>\n\t\t\t\t<a href='https:\/\/azqs.com\/adn\/files\/2015\/03\/IMG_6465.jpg'><img loading=\"lazy\" decoding=\"async\" width=\"225\" height=\"300\" src=\"https:\/\/azqs.com\/adn\/files\/2015\/03\/IMG_6465-225x300.jpg\" class=\"attachment-medium size-medium\" alt=\"\" aria-describedby=\"gallery-1-158\" srcset=\"https:\/\/azqs.com\/adn\/files\/2015\/03\/IMG_6465-225x300.jpg 225w, https:\/\/azqs.com\/adn\/files\/2015\/03\/IMG_6465-768x1024.jpg 768w, https:\/\/azqs.com\/adn\/files\/2015\/03\/IMG_6465-624x832.jpg 624w\" sizes=\"(max-width: 225px) 100vw, 225px\" \/><\/a>\n\t\t\t<\/dt>\n\t\t\t\t<dd class='wp-caption-text gallery-caption' id='gallery-1-158'>\n\t\t\t\tCr\u00e9ation d\u2019une maquette carton pour le toit du syst\u00e8me.\n\t\t\t\t<\/dd><\/dl><br style=\"clear: both\" \/><dl class='gallery-item'>\n\t\t\t<dt class='gallery-icon landscape'>\n\t\t\t\t<a href='https:\/\/azqs.com\/adn\/files\/2015\/03\/Charette-DNA-03.jpg'><img loading=\"lazy\" decoding=\"async\" width=\"300\" height=\"152\" src=\"https:\/\/azqs.com\/adn\/files\/2015\/03\/Charette-DNA-03-300x152.jpg\" class=\"attachment-medium size-medium\" alt=\"\" aria-describedby=\"gallery-1-217\" srcset=\"https:\/\/azqs.com\/adn\/files\/2015\/03\/Charette-DNA-03-300x152.jpg 300w, https:\/\/azqs.com\/adn\/files\/2015\/03\/Charette-DNA-03-1024x518.jpg 1024w, https:\/\/azqs.com\/adn\/files\/2015\/03\/Charette-DNA-03-624x316.jpg 624w\" sizes=\"(max-width: 300px) 100vw, 300px\" \/><\/a>\n\t\t\t<\/dt>\n\t\t\t\t<dd class='wp-caption-text gallery-caption' id='gallery-1-217'>\n\t\t\t\tAdaptation du mod\u00e8le 3D.\n\t\t\t\t<\/dd><\/dl><dl class='gallery-item'>\n\t\t\t<dt class='gallery-icon portrait'>\n\t\t\t\t<a href='https:\/\/azqs.com\/adn\/files\/2015\/03\/IMG_6522.jpg'><img loading=\"lazy\" decoding=\"async\" width=\"225\" height=\"300\" src=\"https:\/\/azqs.com\/adn\/files\/2015\/03\/IMG_6522-225x300.jpg\" class=\"attachment-medium size-medium\" alt=\"\" aria-describedby=\"gallery-1-209\" srcset=\"https:\/\/azqs.com\/adn\/files\/2015\/03\/IMG_6522-225x300.jpg 225w, https:\/\/azqs.com\/adn\/files\/2015\/03\/IMG_6522-768x1024.jpg 768w, https:\/\/azqs.com\/adn\/files\/2015\/03\/IMG_6522-624x832.jpg 624w\" sizes=\"(max-width: 225px) 100vw, 225px\" \/><\/a>\n\t\t\t<\/dt>\n\t\t\t\t<dd class='wp-caption-text gallery-caption' id='gallery-1-209'>\n\t\t\t\tCr\u00e9ation de la structure porteuse pour le toit en tube d\u2019aluminium.\n\t\t\t\t<\/dd><\/dl><br style=\"clear: both\" \/><dl class='gallery-item'>\n\t\t\t<dt class='gallery-icon landscape'>\n\t\t\t\t<a href='https:\/\/azqs.com\/adn\/files\/2015\/03\/IMG_6487.jpg'><img loading=\"lazy\" decoding=\"async\" width=\"300\" height=\"225\" src=\"https:\/\/azqs.com\/adn\/files\/2015\/03\/IMG_6487-300x225.jpg\" class=\"attachment-medium size-medium\" alt=\"\" aria-describedby=\"gallery-1-208\" srcset=\"https:\/\/azqs.com\/adn\/files\/2015\/03\/IMG_6487-300x225.jpg 300w, https:\/\/azqs.com\/adn\/files\/2015\/03\/IMG_6487-1024x768.jpg 1024w, https:\/\/azqs.com\/adn\/files\/2015\/03\/IMG_6487-624x468.jpg 624w\" sizes=\"(max-width: 300px) 100vw, 300px\" \/><\/a>\n\t\t\t<\/dt>\n\t\t\t\t<dd class='wp-caption-text gallery-caption' id='gallery-1-208'>\n\t\t\t\tRecherches autour d\u2019un syst\u00e8me de pupitre.\n\t\t\t\t<\/dd><\/dl><dl class='gallery-item'>\n\t\t\t<dt class='gallery-icon landscape'>\n\t\t\t\t<a href='https:\/\/azqs.com\/adn\/files\/2015\/03\/IMG_6541.jpg'><img loading=\"lazy\" decoding=\"async\" width=\"300\" height=\"225\" src=\"https:\/\/azqs.com\/adn\/files\/2015\/03\/IMG_6541-300x225.jpg\" class=\"attachment-medium size-medium\" alt=\"\" aria-describedby=\"gallery-1-206\" srcset=\"https:\/\/azqs.com\/adn\/files\/2015\/03\/IMG_6541-300x225.jpg 300w, https:\/\/azqs.com\/adn\/files\/2015\/03\/IMG_6541-1024x768.jpg 1024w, https:\/\/azqs.com\/adn\/files\/2015\/03\/IMG_6541-624x468.jpg 624w\" sizes=\"(max-width: 300px) 100vw, 300px\" \/><\/a>\n\t\t\t<\/dt>\n\t\t\t\t<dd class='wp-caption-text gallery-caption' id='gallery-1-206'>\n\t\t\t\tD\u00e9but de la premi\u00e8re couche de peinture.\n\t\t\t\t<\/dd><\/dl><br style=\"clear: both\" \/><dl class='gallery-item'>\n\t\t\t<dt class='gallery-icon landscape'>\n\t\t\t\t<a href='https:\/\/azqs.com\/adn\/files\/2015\/03\/IMG_6556.jpg'><img loading=\"lazy\" decoding=\"async\" width=\"300\" height=\"225\" src=\"https:\/\/azqs.com\/adn\/files\/2015\/03\/IMG_6556-300x225.jpg\" class=\"attachment-medium size-medium\" alt=\"\" aria-describedby=\"gallery-1-207\" srcset=\"https:\/\/azqs.com\/adn\/files\/2015\/03\/IMG_6556-300x225.jpg 300w, https:\/\/azqs.com\/adn\/files\/2015\/03\/IMG_6556-1024x768.jpg 1024w, https:\/\/azqs.com\/adn\/files\/2015\/03\/IMG_6556-624x468.jpg 624w\" sizes=\"(max-width: 300px) 100vw, 300px\" \/><\/a>\n\t\t\t<\/dt>\n\t\t\t\t<dd class='wp-caption-text gallery-caption' id='gallery-1-207'>\n\t\t\t\tFin de la premi\u00e8re couche de peinture.\n\t\t\t\t<\/dd><\/dl><dl class='gallery-item'>\n\t\t\t<dt class='gallery-icon landscape'>\n\t\t\t\t<a href='https:\/\/azqs.com\/adn\/files\/2015\/03\/IMG_6559.jpg'><img loading=\"lazy\" decoding=\"async\" width=\"300\" height=\"225\" src=\"https:\/\/azqs.com\/adn\/files\/2015\/03\/IMG_6559-300x225.jpg\" class=\"attachment-medium size-medium\" alt=\"\" aria-describedby=\"gallery-1-210\" srcset=\"https:\/\/azqs.com\/adn\/files\/2015\/03\/IMG_6559-300x225.jpg 300w, https:\/\/azqs.com\/adn\/files\/2015\/03\/IMG_6559-1024x768.jpg 1024w, https:\/\/azqs.com\/adn\/files\/2015\/03\/IMG_6559-624x468.jpg 624w\" sizes=\"(max-width: 300px) 100vw, 300px\" \/><\/a>\n\t\t\t<\/dt>\n\t\t\t\t<dd class='wp-caption-text gallery-caption' id='gallery-1-210'>\n\t\t\t\tPremi\u00e8re couche termin\u00e9e !\n\t\t\t\t<\/dd><\/dl><br style=\"clear: both\" \/><dl class='gallery-item'>\n\t\t\t<dt class='gallery-icon portrait'>\n\t\t\t\t<a href='https:\/\/azqs.com\/adn\/files\/2015\/03\/DSC_0347.jpg'><img loading=\"lazy\" decoding=\"async\" width=\"169\" height=\"300\" src=\"https:\/\/azqs.com\/adn\/files\/2015\/03\/DSC_0347-169x300.jpg\" class=\"attachment-medium size-medium\" alt=\"\" aria-describedby=\"gallery-1-224\" srcset=\"https:\/\/azqs.com\/adn\/files\/2015\/03\/DSC_0347-169x300.jpg 169w, https:\/\/azqs.com\/adn\/files\/2015\/03\/DSC_0347-576x1024.jpg 576w, https:\/\/azqs.com\/adn\/files\/2015\/03\/DSC_0347-624x1109.jpg 624w, https:\/\/azqs.com\/adn\/files\/2015\/03\/DSC_0347.jpg 1746w\" sizes=\"(max-width: 169px) 100vw, 169px\" \/><\/a>\n\t\t\t<\/dt>\n\t\t\t\t<dd class='wp-caption-text gallery-caption' id='gallery-1-224'>\n\t\t\t\tCr\u00e9ation et couture de la b\u00e2che qui sert \u00e9galement de toit en position de diffusion.\n\t\t\t\t<\/dd><\/dl><dl class='gallery-item'>\n\t\t\t<dt class='gallery-icon portrait'>\n\t\t\t\t<a href='https:\/\/azqs.com\/adn\/files\/2015\/03\/IMG_6629.jpg'><img loading=\"lazy\" decoding=\"async\" width=\"225\" height=\"300\" src=\"https:\/\/azqs.com\/adn\/files\/2015\/03\/IMG_6629-225x300.jpg\" class=\"attachment-medium size-medium\" alt=\"\" aria-describedby=\"gallery-1-218\" srcset=\"https:\/\/azqs.com\/adn\/files\/2015\/03\/IMG_6629-225x300.jpg 225w, https:\/\/azqs.com\/adn\/files\/2015\/03\/IMG_6629-768x1024.jpg 768w, https:\/\/azqs.com\/adn\/files\/2015\/03\/IMG_6629-624x832.jpg 624w\" sizes=\"(max-width: 225px) 100vw, 225px\" \/><\/a>\n\t\t\t<\/dt>\n\t\t\t\t<dd class='wp-caption-text gallery-caption' id='gallery-1-218'>\n\t\t\t\tPeinture et pochoirs de la b\u00e2che.\n\t\t\t\t<\/dd><\/dl><br style=\"clear: both\" \/><dl class='gallery-item'>\n\t\t\t<dt class='gallery-icon portrait'>\n\t\t\t\t<a href='https:\/\/azqs.com\/adn\/files\/2015\/03\/SAM_0721.jpg'><img loading=\"lazy\" decoding=\"async\" width=\"225\" height=\"300\" src=\"https:\/\/azqs.com\/adn\/files\/2015\/03\/SAM_0721-225x300.jpg\" class=\"attachment-medium size-medium\" alt=\"\" aria-describedby=\"gallery-1-225\" srcset=\"https:\/\/azqs.com\/adn\/files\/2015\/03\/SAM_0721-225x300.jpg 225w, https:\/\/azqs.com\/adn\/files\/2015\/03\/SAM_0721-768x1024.jpg 768w, https:\/\/azqs.com\/adn\/files\/2015\/03\/SAM_0721-624x832.jpg 624w\" sizes=\"(max-width: 225px) 100vw, 225px\" \/><\/a>\n\t\t\t<\/dt>\n\t\t\t\t<dd class='wp-caption-text gallery-caption' id='gallery-1-225'>\n\t\t\t\tEssais en ext\u00e9rieur.\n\t\t\t\t<\/dd><\/dl><dl class='gallery-item'>\n\t\t\t<dt class='gallery-icon landscape'>\n\t\t\t\t<a href='https:\/\/azqs.com\/adn\/files\/2015\/03\/SAM_0636.jpg'><img loading=\"lazy\" decoding=\"async\" width=\"300\" height=\"225\" src=\"https:\/\/azqs.com\/adn\/files\/2015\/03\/SAM_0636-300x225.jpg\" class=\"attachment-medium size-medium\" alt=\"\" aria-describedby=\"gallery-1-226\" srcset=\"https:\/\/azqs.com\/adn\/files\/2015\/03\/SAM_0636-300x225.jpg 300w, https:\/\/azqs.com\/adn\/files\/2015\/03\/SAM_0636-1024x768.jpg 1024w, https:\/\/azqs.com\/adn\/files\/2015\/03\/SAM_0636-624x468.jpg 624w\" sizes=\"(max-width: 300px) 100vw, 300px\" \/><\/a>\n\t\t\t<\/dt>\n\t\t\t\t<dd class='wp-caption-text gallery-caption' id='gallery-1-226'>\n\t\t\t\tR\u00e9glages sur la b\u00e2che.\n\t\t\t\t<\/dd><\/dl><br style=\"clear: both\" \/><dl class='gallery-item'>\n\t\t\t<dt class='gallery-icon portrait'>\n\t\t\t\t<a href='https:\/\/azqs.com\/adn\/files\/2015\/03\/IMG_6661.jpg'><img loading=\"lazy\" decoding=\"async\" width=\"225\" height=\"300\" src=\"https:\/\/azqs.com\/adn\/files\/2015\/03\/IMG_6661-225x300.jpg\" class=\"attachment-medium size-medium\" alt=\"\" aria-describedby=\"gallery-1-219\" srcset=\"https:\/\/azqs.com\/adn\/files\/2015\/03\/IMG_6661-225x300.jpg 225w, https:\/\/azqs.com\/adn\/files\/2015\/03\/IMG_6661-768x1024.jpg 768w, https:\/\/azqs.com\/adn\/files\/2015\/03\/IMG_6661-624x832.jpg 624w\" sizes=\"(max-width: 225px) 100vw, 225px\" \/><\/a>\n\t\t\t<\/dt>\n\t\t\t\t<dd class='wp-caption-text gallery-caption' id='gallery-1-219'>\n\t\t\t\tPeinture verso.\n\t\t\t\t<\/dd><\/dl><dl class='gallery-item'>\n\t\t\t<dt class='gallery-icon portrait'>\n\t\t\t\t<a href='https:\/\/azqs.com\/adn\/files\/2015\/03\/IMG_6662.jpg'><img loading=\"lazy\" decoding=\"async\" width=\"225\" height=\"300\" src=\"https:\/\/azqs.com\/adn\/files\/2015\/03\/IMG_6662-225x300.jpg\" class=\"attachment-medium size-medium\" alt=\"\" aria-describedby=\"gallery-1-220\" srcset=\"https:\/\/azqs.com\/adn\/files\/2015\/03\/IMG_6662-225x300.jpg 225w, https:\/\/azqs.com\/adn\/files\/2015\/03\/IMG_6662-768x1024.jpg 768w, https:\/\/azqs.com\/adn\/files\/2015\/03\/IMG_6662-624x832.jpg 624w\" sizes=\"(max-width: 225px) 100vw, 225px\" \/><\/a>\n\t\t\t<\/dt>\n\t\t\t\t<dd class='wp-caption-text gallery-caption' id='gallery-1-220'>\n\t\t\t\tPeinture recto.\n\t\t\t\t<\/dd><\/dl><br style=\"clear: both\" \/><dl class='gallery-item'>\n\t\t\t<dt class='gallery-icon portrait'>\n\t\t\t\t<a href='https:\/\/azqs.com\/adn\/files\/2015\/03\/IMG_6872.jpg'><img loading=\"lazy\" decoding=\"async\" width=\"225\" height=\"300\" src=\"https:\/\/azqs.com\/adn\/files\/2015\/03\/IMG_6872-225x300.jpg\" class=\"attachment-medium size-medium\" alt=\"\" aria-describedby=\"gallery-1-245\" srcset=\"https:\/\/azqs.com\/adn\/files\/2015\/03\/IMG_6872-225x300.jpg 225w, https:\/\/azqs.com\/adn\/files\/2015\/03\/IMG_6872-768x1024.jpg 768w, https:\/\/azqs.com\/adn\/files\/2015\/03\/IMG_6872-624x832.jpg 624w\" sizes=\"(max-width: 225px) 100vw, 225px\" \/><\/a>\n\t\t\t<\/dt>\n\t\t\t\t<dd class='wp-caption-text gallery-caption' id='gallery-1-245'>\n\t\t\t\tPolissage des roues \u00e0 la sableuse avec DKProject.\n\t\t\t\t<\/dd><\/dl><dl class='gallery-item'>\n\t\t\t<dt class='gallery-icon landscape'>\n\t\t\t\t<a href='https:\/\/azqs.com\/adn\/files\/2015\/03\/IMG_6925.jpg'><img loading=\"lazy\" decoding=\"async\" width=\"300\" height=\"225\" src=\"https:\/\/azqs.com\/adn\/files\/2015\/03\/IMG_6925-300x225.jpg\" class=\"attachment-medium size-medium\" alt=\"\" aria-describedby=\"gallery-1-246\" srcset=\"https:\/\/azqs.com\/adn\/files\/2015\/03\/IMG_6925-300x225.jpg 300w, https:\/\/azqs.com\/adn\/files\/2015\/03\/IMG_6925-1024x768.jpg 1024w, https:\/\/azqs.com\/adn\/files\/2015\/03\/IMG_6925-624x468.jpg 624w\" sizes=\"(max-width: 300px) 100vw, 300px\" \/><\/a>\n\t\t\t<\/dt>\n\t\t\t\t<dd class='wp-caption-text gallery-caption' id='gallery-1-246'>\n\t\t\t\tDerni\u00e8re couche de peinture et vernissage.\n\t\t\t\t<\/dd><\/dl><br style=\"clear: both\" \/>\n\t\t<\/div>\n\n<p>&nbsp;<\/p>\n","protected":false},"excerpt":{"rendered":"<p>&nbsp;<\/p>\n","protected":false},"author":290,"featured_media":0,"parent":0,"menu_order":0,"comment_status":"closed","ping_status":"closed","template":"","meta":{"footnotes":""},"class_list":["post-151","page","type-page","status-publish","hentry"],"_links":{"self":[{"href":"https:\/\/azqs.com\/adn\/wp-json\/wp\/v2\/pages\/151"}],"collection":[{"href":"https:\/\/azqs.com\/adn\/wp-json\/wp\/v2\/pages"}],"about":[{"href":"https:\/\/azqs.com\/adn\/wp-json\/wp\/v2\/types\/page"}],"author":[{"embeddable":true,"href":"https:\/\/azqs.com\/adn\/wp-json\/wp\/v2\/users\/290"}],"replies":[{"embeddable":true,"href":"https:\/\/azqs.com\/adn\/wp-json\/wp\/v2\/comments?post=151"}],"version-history":[{"count":37,"href":"https:\/\/azqs.com\/adn\/wp-json\/wp\/v2\/pages\/151\/revisions"}],"predecessor-version":[{"id":451,"href":"https:\/\/azqs.com\/adn\/wp-json\/wp\/v2\/pages\/151\/revisions\/451"}],"wp:attachment":[{"href":"https:\/\/azqs.com\/adn\/wp-json\/wp\/v2\/media?parent=151"}],"curies":[{"name":"wp","href":"https:\/\/api.w.org\/{rel}","templated":true}]}}