{"id":11,"date":"2015-03-18T16:13:42","date_gmt":"2015-03-18T15:13:42","guid":{"rendered":"http:\/\/azqs.com\/adn\/?page_id=11"},"modified":"2018-11-10T13:40:13","modified_gmt":"2018-11-10T12:40:13","slug":"contact","status":"publish","type":"page","link":"https:\/\/azqs.com\/adn\/contact\/","title":{"rendered":"CONTACT"},"content":{"rendered":"<p style=\"text-align: left\">Le projet de l&rsquo;ADN est port\u00e9 par l&rsquo;association <span style=\"color: #ee1746\"><a style=\"color: #ee1746\" href=\"http:\/\/azqs.com\/invocat\/\" target=\"_blank\" rel=\"noopener\"><strong>Invocat<\/strong><\/a><\/span>, bas\u00e9e \u00e0 Strasbourg.<\/p>\n<p style=\"text-align: left\"><span style=\"color: #ee1746\"><strong>Association Invocat<\/strong><\/span><br \/>\nMartial Daunis<br \/>\n8 rue du chevreuil<br \/>\n67000 Strasbourg<\/p>\n<p>msonata at gmx dot fr<br \/>\nadnsysteme at gmail dot com<br \/>\nwebsite : <span style=\"color: #ee1746\"><a style=\"color: #ee1746\" href=\"http:\/\/azqs.com\/invocat\/\" target=\"_blank\" rel=\"noopener\">http:\/\/azqs.com\/invocat\/<\/a><\/span><\/p>\n<p>Inscription au registre des associations du Tribunal d&rsquo;Instance de la Ville de Strasbourg<br \/>\nVolume 92 Folio n\u00b0 254<br \/>\nSIREN : 809 647 530<br \/>\nSIRET du si\u00e8ge : 809 647 530 00017<br \/>\nAPE : 9260 \/ 9499<\/p>\n<p><span style=\"color: #ee1746\"><strong>plaquette ADN : cliquer puis &lsquo;enregistrer sous &#8230;&rsquo;<\/strong><\/span><\/p>\n<p><a href=\"http:\/\/ftp_stockage.azqs.com\/adn\/ADN web.pdf\" target=\"_blank\" rel=\"noopener\"><img loading=\"lazy\" decoding=\"async\" class=\"alignnone wp-image-395\" src=\"http:\/\/azqs.com\/adn\/files\/2015\/03\/adn-dwld.png\" alt=\"adn dwld\" width=\"300\" height=\"429\" srcset=\"https:\/\/azqs.com\/adn\/files\/2015\/03\/adn-dwld.png 1033w, https:\/\/azqs.com\/adn\/files\/2015\/03\/adn-dwld-210x300.png 210w, https:\/\/azqs.com\/adn\/files\/2015\/03\/adn-dwld-716x1024.png 716w, https:\/\/azqs.com\/adn\/files\/2015\/03\/adn-dwld-624x892.png 624w\" sizes=\"(max-width: 300px) 100vw, 300px\" \/><\/a><\/p>\n<p><span style=\"color: #ee1746\"><strong>logo ADN : cliquer puis &lsquo;enregistrer sous &#8230;&rsquo;<\/strong><\/span><\/p>\n<p><a href=\"http:\/\/azqs.com\/adn\/files\/2015\/03\/logo-ADN.png\"><img loading=\"lazy\" decoding=\"async\" class=\"alignnone wp-image-413 size-thumbnail\" src=\"http:\/\/azqs.com\/adn\/files\/2015\/03\/logo-ADN-150x150.png\" alt=\"\" width=\"150\" height=\"150\" srcset=\"https:\/\/azqs.com\/adn\/files\/2015\/03\/logo-ADN-150x150.png 150w, https:\/\/azqs.com\/adn\/files\/2015\/03\/logo-ADN-300x300.png 300w, https:\/\/azqs.com\/adn\/files\/2015\/03\/logo-ADN.png 506w\" sizes=\"(max-width: 150px) 100vw, 150px\" \/><\/a><\/p>\n","protected":false},"excerpt":{"rendered":"<p>Le projet de l&rsquo;ADN est port\u00e9 par l&rsquo;association Invocat, bas\u00e9e \u00e0 Strasbourg. Association Invocat Martial Daunis 8 rue du chevreuil 67000 Strasbourg msonata at gmx dot fr adnsysteme at gmail dot com website : http:\/\/azqs.com\/invocat\/ Inscription au registre des associations du Tribunal d&rsquo;Instance de la Ville de Strasbourg Volume 92 Folio n\u00b0 254 SIREN : [&hellip;]<\/p>\n","protected":false},"author":291,"featured_media":0,"parent":0,"menu_order":0,"comment_status":"closed","ping_status":"closed","template":"","meta":{"footnotes":""},"class_list":["post-11","page","type-page","status-publish","hentry"],"_links":{"self":[{"href":"https:\/\/azqs.com\/adn\/wp-json\/wp\/v2\/pages\/11"}],"collection":[{"href":"https:\/\/azqs.com\/adn\/wp-json\/wp\/v2\/pages"}],"about":[{"href":"https:\/\/azqs.com\/adn\/wp-json\/wp\/v2\/types\/page"}],"author":[{"embeddable":true,"href":"https:\/\/azqs.com\/adn\/wp-json\/wp\/v2\/users\/291"}],"replies":[{"embeddable":true,"href":"https:\/\/azqs.com\/adn\/wp-json\/wp\/v2\/comments?post=11"}],"version-history":[{"count":6,"href":"https:\/\/azqs.com\/adn\/wp-json\/wp\/v2\/pages\/11\/revisions"}],"predecessor-version":[{"id":1044,"href":"https:\/\/azqs.com\/adn\/wp-json\/wp\/v2\/pages\/11\/revisions\/1044"}],"wp:attachment":[{"href":"https:\/\/azqs.com\/adn\/wp-json\/wp\/v2\/media?parent=11"}],"curies":[{"name":"wp","href":"https:\/\/api.w.org\/{rel}","templated":true}]}}