{"id":616,"date":"2017-02-01T12:00:11","date_gmt":"2017-02-01T11:00:11","guid":{"rendered":"http:\/\/azqs.com\/adlibitum\/?page_id=616"},"modified":"2017-04-01T19:28:47","modified_gmt":"2017-04-01T17:28:47","slug":"comite","status":"publish","type":"page","link":"https:\/\/azqs.com\/adlibitum\/comite\/","title":{"rendered":"Comit\u00e9 &#8211; Direction de l&rsquo;association &#8211; Page r\u00e9serv\u00e9e au comit\u00e9"},"content":{"rendered":"","protected":true},"excerpt":{"rendered":"","protected":true},"author":309,"featured_media":0,"parent":0,"menu_order":0,"comment_status":"closed","ping_status":"closed","template":"","meta":{"footnotes":""},"class_list":["post-616","page","type-page","status-publish","post-password-required","hentry"],"_links":{"self":[{"href":"https:\/\/azqs.com\/adlibitum\/wp-json\/wp\/v2\/pages\/616"}],"collection":[{"href":"https:\/\/azqs.com\/adlibitum\/wp-json\/wp\/v2\/pages"}],"about":[{"href":"https:\/\/azqs.com\/adlibitum\/wp-json\/wp\/v2\/types\/page"}],"author":[{"embeddable":true,"href":"https:\/\/azqs.com\/adlibitum\/wp-json\/wp\/v2\/users\/309"}],"replies":[{"embeddable":true,"href":"https:\/\/azqs.com\/adlibitum\/wp-json\/wp\/v2\/comments?post=616"}],"version-history":[{"count":5,"href":"https:\/\/azqs.com\/adlibitum\/wp-json\/wp\/v2\/pages\/616\/revisions"}],"predecessor-version":[{"id":642,"href":"https:\/\/azqs.com\/adlibitum\/wp-json\/wp\/v2\/pages\/616\/revisions\/642"}],"wp:attachment":[{"href":"https:\/\/azqs.com\/adlibitum\/wp-json\/wp\/v2\/media?parent=616"}],"curies":[{"name":"wp","href":"https:\/\/api.w.org\/{rel}","templated":true}]}}