{"id":61,"date":"2016-11-16T01:22:33","date_gmt":"2016-11-16T00:22:33","guid":{"rendered":"http:\/\/azqs.com\/adlibitum\/?page_id=61"},"modified":"2025-05-08T21:16:04","modified_gmt":"2025-05-08T19:16:04","slug":"contact","status":"publish","type":"page","link":"https:\/\/azqs.com\/adlibitum\/contact\/","title":{"rendered":"Contacter le ch\u0153ur Ad Libitum"},"content":{"rendered":"<h3>Nous rejoindre<\/h3>\n<p>R\u00e9p\u00e9tition le lundi soir de 19h30 \u00e0 21h30,.<\/p>\n<p>\u00c9glise Saint Guillaume<br \/>\n1 rue Munch<br \/>\n67000 Strasbourg<\/p>\n<h3><a id=\"contacter\"><\/a>Nous \u00e9crire<\/h3>\n<h4>par mail<\/h4>\n<p><a href=\"mailto:choeur.adlibitum@gmail.com?subject=demande d'information via site\">choeur.adlibitum@gmail.com<\/a><\/p>\n<h4>par t\u00e9l\u00e9phone<\/h4>\n<ul>\n<li>Delphine Le Varat, cheffe de ch\u0153ur : 06 20 43 26 45<\/li>\n<\/ul>\n<h3>Nous suivre<\/h3>\n<ul>\n<li>Suivez notre page <a href=\"https:\/\/www.facebook.com\/adlib67\/\" target=\"_blank\" rel=\"noopener noreferrer\">facebook<\/a> et &lsquo;likez-l\u00e0&rsquo; !<\/li>\n<li>Abonnez-vous \u00e0 notre chaine <a href=\"https:\/\/www.youtube.com\/channel\/UCF_w3HBeZO-Xz53o9d65zhw\" target=\"_blank\" rel=\"noopener noreferrer\">youtube<\/a><\/li>\n<\/ul>\n","protected":false},"excerpt":{"rendered":"<p>Nous rejoindre R\u00e9p\u00e9tition le lundi soir de 19h30 \u00e0 21h30,. \u00c9glise Saint Guillaume 1 rue Munch 67000 Strasbourg Nous \u00e9crire par mail choeur.adlibitum@gmail.com par t\u00e9l\u00e9phone Delphine Le Varat, cheffe de ch\u0153ur : 06 20 43 26 45 Nous suivre Suivez notre page facebook et &lsquo;likez-l\u00e0&rsquo; ! Abonnez-vous \u00e0 notre chaine youtube<\/p>\n","protected":false},"author":309,"featured_media":0,"parent":0,"menu_order":0,"comment_status":"closed","ping_status":"closed","template":"","meta":{"footnotes":""},"class_list":["post-61","page","type-page","status-publish","hentry"],"_links":{"self":[{"href":"https:\/\/azqs.com\/adlibitum\/wp-json\/wp\/v2\/pages\/61"}],"collection":[{"href":"https:\/\/azqs.com\/adlibitum\/wp-json\/wp\/v2\/pages"}],"about":[{"href":"https:\/\/azqs.com\/adlibitum\/wp-json\/wp\/v2\/types\/page"}],"author":[{"embeddable":true,"href":"https:\/\/azqs.com\/adlibitum\/wp-json\/wp\/v2\/users\/309"}],"replies":[{"embeddable":true,"href":"https:\/\/azqs.com\/adlibitum\/wp-json\/wp\/v2\/comments?post=61"}],"version-history":[{"count":5,"href":"https:\/\/azqs.com\/adlibitum\/wp-json\/wp\/v2\/pages\/61\/revisions"}],"predecessor-version":[{"id":914,"href":"https:\/\/azqs.com\/adlibitum\/wp-json\/wp\/v2\/pages\/61\/revisions\/914"}],"wp:attachment":[{"href":"https:\/\/azqs.com\/adlibitum\/wp-json\/wp\/v2\/media?parent=61"}],"curies":[{"name":"wp","href":"https:\/\/api.w.org\/{rel}","templated":true}]}}