{"id":270,"date":"2018-01-01T12:00:20","date_gmt":"2018-01-01T11:00:20","guid":{"rendered":"http:\/\/azqs.com\/adlibitum\/?page_id=270"},"modified":"2024-10-17T17:47:22","modified_gmt":"2024-10-17T15:47:22","slug":"association","status":"publish","type":"page","link":"https:\/\/azqs.com\/adlibitum\/association\/","title":{"rendered":"Association"},"content":{"rendered":"<h3>La direction de l&rsquo;association se compose de :<\/h3>\n<p>Julien NORTIER (pr\u00e9sident), Yann LE GALL (secr\u00e9taire) et Claude GERLING (tr\u00e9sorier)<br \/>\naccompagn\u00e9s par Delphine LE VARAT (cheffe de ch\u0153ur), Claudia MONTEVECCI et Jean-Marie SCHOTT<\/p>\n<p style=\"text-align: right;\"><span style=\"font-size: 10pt;\"><em><a href=\"http:\/\/azqs.com\/adlibitum\/comite\">acc\u00e8s \u00e0 l&rsquo;espace r\u00e9serv\u00e9 aux membres du comit\u00e9<\/a><\/em><\/span><\/p>\n<h3>Si\u00e8ge social de l&rsquo;association<\/h3>\n<p>Association Ch\u0153ur Ad Libitum<br \/>\n<b>La maison des associations <\/b><br \/>\n1a place des orphelins<br \/>\n67000 Strasbourg<\/p>\n<h3>Les statuts de l&rsquo;association<\/h3>\n<p><em>seront disponibles prochainement<\/em><\/p>\n","protected":false},"excerpt":{"rendered":"<p>La direction de l&rsquo;association se compose de : Julien NORTIER (pr\u00e9sident), Yann LE GALL (secr\u00e9taire) et Claude GERLING (tr\u00e9sorier) accompagn\u00e9s par Delphine LE VARAT (cheffe de ch\u0153ur), Claudia MONTEVECCI et Jean-Marie SCHOTT acc\u00e8s \u00e0 l&rsquo;espace r\u00e9serv\u00e9 aux membres du comit\u00e9 Si\u00e8ge social de l&rsquo;association Association Ch\u0153ur Ad Libitum La maison des associations 1a place des&hellip;<\/p>\n","protected":false},"author":309,"featured_media":0,"parent":0,"menu_order":0,"comment_status":"closed","ping_status":"closed","template":"","meta":{"footnotes":""},"class_list":["post-270","page","type-page","status-publish","hentry"],"_links":{"self":[{"href":"https:\/\/azqs.com\/adlibitum\/wp-json\/wp\/v2\/pages\/270"}],"collection":[{"href":"https:\/\/azqs.com\/adlibitum\/wp-json\/wp\/v2\/pages"}],"about":[{"href":"https:\/\/azqs.com\/adlibitum\/wp-json\/wp\/v2\/types\/page"}],"author":[{"embeddable":true,"href":"https:\/\/azqs.com\/adlibitum\/wp-json\/wp\/v2\/users\/309"}],"replies":[{"embeddable":true,"href":"https:\/\/azqs.com\/adlibitum\/wp-json\/wp\/v2\/comments?post=270"}],"version-history":[{"count":4,"href":"https:\/\/azqs.com\/adlibitum\/wp-json\/wp\/v2\/pages\/270\/revisions"}],"predecessor-version":[{"id":899,"href":"https:\/\/azqs.com\/adlibitum\/wp-json\/wp\/v2\/pages\/270\/revisions\/899"}],"wp:attachment":[{"href":"https:\/\/azqs.com\/adlibitum\/wp-json\/wp\/v2\/media?parent=270"}],"curies":[{"name":"wp","href":"https:\/\/api.w.org\/{rel}","templated":true}]}}